{"id":51,"date":"2026-01-27T13:53:20","date_gmt":"2026-01-27T13:53:20","guid":{"rendered":"https:\/\/www.blog.campedia.fr\/guia-de-instalacao-da-tentbox-lite-2-0\/"},"modified":"2026-01-29T13:58:11","modified_gmt":"2026-01-29T13:58:11","slug":"guia-de-instalacao-da-tentbox-lite-2-0","status":"publish","type":"page","link":"https:\/\/www.blog.campedia.fr\/pt-pt\/guia-de-instalacao-da-tentbox-lite-2-0\/","title":{"rendered":"Tenda de tejadilho Lite 2.0"},"content":{"rendered":"\n<h2 class=\"wp-block-heading\">Resumo<\/h2>\n\n<p>Como configurar, instalar e utilizar a sua TentBox Lite 2.0<\/p>\n\n<ul class=\"wp-block-list\">\n<li>Diretrizes de utiliza\u00e7\u00e3o da TentBox<\/li>\n\n\n\n<li>Desembalagem<\/li>\n\n\n\n<li>Montagem<\/li>\n\n\n\n<li>Montagem no seu ve\u00edculo<\/li>\n\n\n\n<li>Utilizar a sua TentBox<\/li>\n<\/ul>\n\n<p>Antes de poder utilizar a sua TentBox Lite 2.0, \u00e9 necess\u00e1rio instalar primeiro a sua escada e, em seguida, montar a tenda de tejadilho no seu carro. Este artigo explica detalhadamente como faz\u00ea-lo. <\/p>\n\n<h2 class=\"wp-block-heading\">Recomenda\u00e7\u00f5es para os utilizadores da TentBox<\/h2>\n\n<p>Siga sempre as nossas recomenda\u00e7\u00f5es para os utilizadores da TentBox ao escolher, instalar e utilizar a sua TentBox e as suas barras de tejadilho.<\/p>\n\n<p><strong>Por favor, n\u00e3o instale nem utilize a sua TentBox se tiver d\u00favidas sobre estas instru\u00e7\u00f5es.<\/strong><\/p>\n\n<h2 class=\"wp-block-heading\">Desembalagem<\/h2>\n\n<p>Desembale a sua TentBox com precau\u00e7\u00e3o, especialmente na presen\u00e7a de crian\u00e7as. \u00c9 um produto pesado e volumoso, que cont\u00e9m pe\u00e7as e mecanismos que podem ser perigosos. <\/p>\n\n<p>Ao abrir a sua TentBox pela primeira vez, verifique minuciosamente se existem pequenas lascas met\u00e1licas resultantes do fabrico. Embora as limitemos antes de embalar as TentBox, por vezes, algumas lascas met\u00e1licas caem durante o transporte. Certifique-se de que verifica bem e utiliza um aspirador para garantir que n\u00e3o restam lascas met\u00e1licas.<\/p>\n\n<h2 class=\"wp-block-heading\">Montagem<\/h2>\n\n<h3 class=\"wp-block-heading\">Fixa\u00e7\u00e3o da escada \u00e0 sua TentBox Lite 2.0<\/h3>\n\n<ul class=\"wp-block-list\">\n<li>Localize os ganchos da escada, como na imagem abaixo.<\/li>\n\n\n\n<li>Puxe a fixa\u00e7\u00e3o, coloque a escada em cada um dos ganchos e, em seguida, liberte o mecanismo. As marca\u00e7\u00f5es amarelas da escada n\u00e3o devem estar viradas para a sua TentBox, mas sim para o exterior. <\/li>\n<\/ul>\n\n<figure class=\"wp-block-image\"><img decoding=\"async\" src=\"https:\/\/cdn.shopify.com\/s\/files\/1\/0629\/6440\/0317\/files\/lite-2-01_600x600.jpg?v=1684254697\" alt=\"Pessoa a mostrar como fixar a escada da TentBox Lite 2.0\"\/><\/figure>\n\n<figure class=\"wp-block-image\"><img decoding=\"async\" src=\"https:\/\/cdn.shopify.com\/s\/files\/1\/0629\/6440\/0317\/files\/lite-2-02_600x600.jpg?v=1684254724\" alt=\"Escada da TentBox Lite 2.0 corretamente instalada\"\/><\/figure>\n\n<h2 class=\"wp-block-heading\">Montagem no seu ve\u00edculo<\/h2>\n\n<p><strong>Certifique-se de que aperta bem as fixa\u00e7\u00f5es, para que a sua TentBox fique solidamente fixada \u00e0s suas barras de tejadilho.<\/strong><\/p>\n\n<p>\u00c9 o atrito entre as fixa\u00e7\u00f5es e as suas barras de tejadilho que mant\u00e9m a sua TentBox no lugar. Por isso, certifique-se de que aperta bem as porcas para impedir qualquer movimento. <\/p>\n\n<p>Depois de fixar a sua TentBox, recomendamos que a empurre firmemente em todas as dire\u00e7\u00f5es, especialmente para a frente e para tr\u00e1s, para garantir que nada se move.<\/p>\n\n<ul class=\"wp-block-list\">\n<li>Com a ajuda de, pelo menos, outra pessoa, levante e posicione cuidadosamente a sua TentBox, de forma central, sobre as barras de tejadilho.<\/li>\n\n\n\n<li>\u00c0 l&#8217;aide des fixations fournies, fixez la TentBox \u00e0 vos barres de toit en 4&nbsp;points&nbsp;:\n<ul class=\"wp-block-list\">\n<li>Primeiro, insira um parafuso atrav\u00e9s de uma das pequenas placas de metal e deslize-a ao longo do carril por baixo da TentBox, at\u00e9 que a rosca do parafuso esteja posicionada mesmo ao lado da sua barra de tejadilho.<\/li>\n\n\n\n<li>Repita o passo anterior at\u00e9 ter, para cada uma das quatro fixa\u00e7\u00f5es, dois parafusos de cada lado das suas barras de tejadilho.<\/li>\n\n\n\n<li>Com as porcas fornecidas, aperte uma das fixa\u00e7\u00f5es em forma de U sobre dois dos parafusos, at\u00e9 que esteja solidamente fixada \u00e0 sua barra de tejadilho. Repita a opera\u00e7\u00e3o para as quatro fixa\u00e7\u00f5es. Certifique-se de que aperta bem as porcas e assegure-se de que cada fixa\u00e7\u00e3o em U est\u00e1 solidamente fixada \u00e0s suas barras de tejadilho. <\/li>\n<\/ul>\n<\/li>\n<\/ul>\n\n<figure class=\"wp-block-image\"><img decoding=\"async\" src=\"https:\/\/cdn.shopify.com\/s\/files\/1\/0629\/6440\/0317\/files\/mounting-01_600x600.jpg?v=1684253254\" alt=\"Sistema de montagem universal para todos os modelos TentBox\"\/><\/figure>\n\n<figure class=\"wp-block-image\"><img decoding=\"async\" src=\"https:\/\/cdn.shopify.com\/s\/files\/1\/0629\/6440\/0317\/files\/mounting-02_600x600.jpg?v=1684253298\" alt=\"Pessoa a apertar as porcas do sistema de montagem universal TentBox\"\/><\/figure>\n\n<p>Para limitar a resist\u00eancia ao ar, a sua TentBox deve ser instalada no sentido da marcha, sem qualquer desvio em rela\u00e7\u00e3o \u00e0 estrada.<\/p>\n\n<h2 class=\"wp-block-heading\">Reapertar os parafusos das suas barras de tejadilho<\/h2>\n\n<p>Este passo \u00e9 muito importante para garantir que a sua TentBox est\u00e1 solidamente fixada ao seu carro.<\/p>\n\n<p>As barras de tejadilho <strong>desapertam-se ligeiramente ap\u00f3s terem sido carregadas pela primeira vez<\/strong>. Por isso, \u00e9 indispens\u00e1vel <strong>reapertar os parafusos<\/strong> para garantir a instala\u00e7\u00e3o segura da sua TentBox no seu ve\u00edculo. <\/p>\n\n<p>Reaperte as suas barras de tejadilho quando estas suportarem uma carga significativa pela primeira vez, por exemplo, depois de ter dormido uma noite.<\/p>\n\n<p>Depois de os parafusos terem sido bem reapertados, normalmente permanecem no lugar durante mais tempo. No entanto, \u00e9 importante verific\u00e1-los e reapert\u00e1-los regularmente, como explicado nas nossas <g id=\"gid_0\">recomenda\u00e7\u00f5es para os utilizadores da TentBox<\/g>. <\/p>\n\n<h2 class=\"wp-block-heading\">Utiliza\u00e7\u00e3o da sua TentBox<\/h2>\n\n<h3 class=\"wp-block-heading\">Abertura da sua TentBox Lite 2.0<\/h3>\n\n<ul class=\"wp-block-list\">\n<li>Desfa\u00e7a para cima as fitas de velcro que mant\u00eam a capa de viagem no lugar.<\/li>\n\n\n\n<li>Abra a capa de viagem. Apenas 3 dos seus lados est\u00e3o equipados com fechos de correr, o 4.\u00ba lado permanece fixo \u00e0 TentBox. <\/li>\n\n\n\n<li>Enrole a capa de viagem e utilize as fitas de velcro para a manter no lugar.<\/li>\n\n\n\n<li>Desaperte as correias da TentBox para a abrir (nas laterais, do outro lado da dobradi\u00e7a)<\/li>\n\n\n\n<li>Dobre a sua TentBox, utilizando a escada para fazer alavanca.<\/li>\n\n\n\n<li>Desdobre a escada at\u00e9 \u00e0 altura desejada. Certifique-se de que o \u00e2ngulo n\u00e3o \u00e9 demasiado grande, para n\u00e3o exercer demasiada press\u00e3o sobre a escada. A escada <strong>n\u00e3o \u00e9<\/strong> o \u00fanico suporte da parte desdobr\u00e1vel da sua TentBox, mas constitui um apoio adicional. Por isso, deve permanecer no lugar quando estiver no interior.   <\/li>\n\n\n\n<li>Verifique se todas as partes m\u00f3veis se desdobraram corretamente. Preste especial aten\u00e7\u00e3o \u00e0 posi\u00e7\u00e3o da dobradi\u00e7a, aos piquetes em U interiores e exteriores e \u00e0 pr\u00f3pria lona. Efetue os ajustes necess\u00e1rios antes de abrir e utilizar a sua TentBox.  <\/li>\n<\/ul>\n\n<p>Verifique se a dobradi\u00e7a est\u00e1 corretamente encaixada antes de entrar na sua TentBox. Se tiver alguma d\u00favida sobre esta opera\u00e7\u00e3o, n\u00e3o hesite em contactar-nos <\/p>\n\n<h3 class=\"wp-block-heading\">Utiliza\u00e7\u00e3o dos piquetes da sua TentBox Lite 2.0<\/h3>\n\n<p>6 piquetes de tenda est\u00e3o inclu\u00eddos com a sua TentBox Lite 2.0. S\u00e3o \u00fateis para abrir as prote\u00e7\u00f5es de chuva das janelas e das portas. <\/p>\n\n<ul class=\"wp-block-list\">\n<li>Insira os piquetes nos orif\u00edcios previstos \u00e0 volta da sua TentBox.<\/li>\n\n\n\n<li>Dobre os piquetes para cima para os inserir nos ilh\u00f3s met\u00e1licos presentes na sua TentBox.<\/li>\n<\/ul>\n\n<p>Certifique-se de que instala primeiro os piquetes na sua base, antes de os dobrar para cima para os inserir nos ilh\u00f3s. <strong>Aten\u00e7\u00e3o<\/strong>: coloque-se de lado ao instalar os piquetes, para que estes n\u00e3o sejam projetados sobre si se n\u00e3o conseguir inseri-los num dos ilh\u00f3s met\u00e1licos.<\/p>\n\n<figure class=\"wp-block-image\"><img decoding=\"async\" src=\"https:\/\/cdn.shopify.com\/s\/files\/1\/0629\/6440\/0317\/files\/lite-1-06_600x600.jpg?v=1684254030\" alt=\"Pessoa a mostrar como instalar e utilizar os piquetes numa tenda de tejadilho TentBox Lite\"\/><\/figure>\n\n<h3 class=\"wp-block-heading\">Utiliza\u00e7\u00e3o da escada da TentBox Lite 2.0<\/h3>\n\n<ul class=\"wp-block-list\">\n<li>Puxe a escada para o exterior para a desdobrar.<\/li>\n\n\n\n<li>Empurre os bot\u00f5es pretos para o interior para a dobrar.<\/li>\n<\/ul>\n\n<ul class=\"wp-block-list\">\n<li>Como a escada pode desdobrar-se de forma repentina, tenha cuidado para n\u00e3o entalar os dedos.<\/li>\n\n\n\n<li>As crian\u00e7as s\u00f3 devem utilizar a escada da sua TentBox sob estrita vigil\u00e2ncia.<\/li>\n\n\n\n<li>Certifique-se de que a escada est\u00e1 o mais vertical poss\u00edvel, dependendo da altura do seu ve\u00edculo.<\/li>\n<\/ul>\n\n<h3 class=\"wp-block-heading\">Fecho da TentBox Lite 2.0<\/h3>\n\n<ul class=\"wp-block-list\">\n<li>Retire todos os piquetes.<\/li>\n\n\n\n<li>Dobre a sua TentBox utilizando a escada. Reduza a altura da escada para a trazer ao mesmo n\u00edvel da sua TentBox. N\u00e3o a dobre totalmente, caso contr\u00e1rio, ser\u00e1 mais dif\u00edcil voltar a desdobr\u00e1-la.  <\/li>\n\n\n\n<li>Certifique-se de que a lona de cada lado est\u00e1 corretamente dobrada, caso contr\u00e1rio, a sua TentBox n\u00e3o caber\u00e1 na capa de viagem.<\/li>\n\n\n\n<li>Aperte com as fitas de velcro.<\/li>\n\n\n\n<li>Desenrole a capa de viagem e, em seguida, utilize o fecho de correr para que envolva perfeitamente a sua TentBox Lite 2.0.<\/li>\n\n\n\n<li>Aperte as duas correias na parte superior da capa de viagem, para que a sua TentBox fique bem presa para a estrada.<\/li>\n\n\n\n<li>Para evitar um desgaste excessivo da capa de viagem, certifique-se de que as correias est\u00e3o bem apertadas e verifique-as regularmente. Para maior tranquilidade, convidamo-lo a adquirir as nossas <g id=\"gid_0\">prote\u00e7\u00f5es para correias<\/g>, que reduzem o desgaste da sua capa de viagem, mesmo quando as correias n\u00e3o est\u00e3o suficientemente apertadas ou se desapertam com o tempo. <\/li>\n<\/ul>\n\n<h3 class=\"wp-block-heading\">Cordas<\/h3>\n\n<p>Em condi\u00e7\u00f5es normais de utiliza\u00e7\u00e3o, n\u00e3o \u00e9 necess\u00e1rio instalar cordas de fixa\u00e7\u00e3o na TentBox Lite 2.0 ou na TentBox Lite XL. A tenda foi concebida para permanecer est\u00e1vel sem acess\u00f3rios adicionais. <\/p>\n\n<p>No entanto, a utiliza\u00e7\u00e3o de cordas \u00e9 <strong>recomendada quando as condi\u00e7\u00f5es de campismo n\u00e3o s\u00e3o normais<\/strong>, nomeadamente em caso de vento forte ou de ambiente exposto.<\/p>\n\n<p>Consideram-se <strong>condi\u00e7\u00f5es anormais<\/strong> as seguintes situa\u00e7\u00f5es:<\/p>\n\n<ul class=\"wp-block-list\">\n<li><strong>Vento forte ou rajadas regulares<\/strong>, geralmente a partir de cerca de <strong>60<\/strong> <strong>km\/h<\/strong>, ou quando s\u00e3o anunciadas rajadas nas previs\u00f5es meteorol\u00f3gicas.<\/li>\n\n\n\n<li><strong>Campismo em zona muito exposta<\/strong>: beira-mar, cume, planalto, colo.<\/li>\n\n\n\n<li><strong>Condi\u00e7\u00f5es meteorol\u00f3gicas inst\u00e1veis<\/strong> com mudan\u00e7as r\u00e1pidas (tempestades, frentes de vento, ventos rodopiantes).<\/li>\n\n\n\n<li><strong>Instala\u00e7\u00e3o prolongada<\/strong> nestas condi\u00e7\u00f5es, nomeadamente para uma noite inteira ou v\u00e1rios dias.<\/li>\n<\/ul>\n\n<p>Nestes casos, as cordas de fixa\u00e7\u00e3o permitem:<\/p>\n\n<ol class=\"wp-block-list\">\n<li>limitar os movimentos da tenda devido ao vento,<\/li>\n\n\n\n<li>repartir os esfor\u00e7os sobre a estrutura,<\/li>\n\n\n\n<li>melhorar o conforto e a seguran\u00e7a global.<\/li>\n<\/ol>\n\n<p>Prenda uma extremidade \u00e0s argolas em D na base da sua TentBox e a outra extremidade a uma roda ou a um piquete solidamente fixado ao solo, como abaixo.<\/p>\n\n<figure class=\"wp-block-image\"><img decoding=\"async\" src=\"https:\/\/cdn.shopify.com\/s\/files\/1\/0629\/6440\/0317\/files\/SPGR-06-comp_480x480.jpg?v=1689950926\" alt=\"Cordas TentBox instaladas num ve&#xED;culo\"\/><\/figure>\n","protected":false},"excerpt":{"rendered":"<p>Resumo Como configurar, instalar e utilizar a sua TentBox Lite 2.0 Antes de poder utilizar a sua TentBox Lite 2.0, \u00e9 necess\u00e1rio instalar primeiro a sua escada e, em seguida, montar a tenda de tejadilho no seu carro. Este artigo &hellip; <a href=\"https:\/\/www.blog.campedia.fr\/pt-pt\/guia-de-instalacao-da-tentbox-lite-2-0\/\">Continuar a ler <span class=\"meta-nav\">&rarr;<\/span><\/a><\/p>\n","protected":false},"author":1,"featured_media":0,"parent":0,"menu_order":0,"comment_status":"closed","ping_status":"closed","template":"","meta":{"footnotes":""},"class_list":["post-51","page","type-page","status-publish","hentry"],"_links":{"self":[{"href":"https:\/\/www.blog.campedia.fr\/pt-pt\/wp-json\/wp\/v2\/pages\/51","targetHints":{"allow":["GET"]}}],"collection":[{"href":"https:\/\/www.blog.campedia.fr\/pt-pt\/wp-json\/wp\/v2\/pages"}],"about":[{"href":"https:\/\/www.blog.campedia.fr\/pt-pt\/wp-json\/wp\/v2\/types\/page"}],"author":[{"embeddable":true,"href":"https:\/\/www.blog.campedia.fr\/pt-pt\/wp-json\/wp\/v2\/users\/1"}],"replies":[{"embeddable":true,"href":"https:\/\/www.blog.campedia.fr\/pt-pt\/wp-json\/wp\/v2\/comments?post=51"}],"version-history":[{"count":4,"href":"https:\/\/www.blog.campedia.fr\/pt-pt\/wp-json\/wp\/v2\/pages\/51\/revisions"}],"predecessor-version":[{"id":451,"href":"https:\/\/www.blog.campedia.fr\/pt-pt\/wp-json\/wp\/v2\/pages\/51\/revisions\/451"}],"wp:attachment":[{"href":"https:\/\/www.blog.campedia.fr\/pt-pt\/wp-json\/wp\/v2\/media?parent=51"}],"curies":[{"name":"wp","href":"https:\/\/api.w.org\/{rel}","templated":true}]}}