{"id":395,"date":"2026-01-28T08:58:03","date_gmt":"2026-01-28T08:58:03","guid":{"rendered":"https:\/\/www.blog.campedia.fr\/guia-de-instalacao-da-tentbox-go\/"},"modified":"2026-01-29T10:50:12","modified_gmt":"2026-01-29T10:50:12","slug":"guia-de-instalacao-da-tentbox-go","status":"publish","type":"page","link":"https:\/\/www.blog.campedia.fr\/pt-pt\/guia-de-instalacao-da-tentbox-go\/","title":{"rendered":"Guia de instala\u00e7\u00e3o da TentBox GO"},"content":{"rendered":"\n<h2 class=\"wp-block-heading\">Resumo<\/h2>\n\n\n\n<p>Como configurar, instalar e utilizar a sua TentBox GO<\/p>\n\n\n\n<ul class=\"wp-block-list\">\n<li>Orienta\u00e7\u00f5es para o utilizador da TentBox<\/li>\n\n\n\n<li>Guia PDF : Instalar a sua TentBox GO<\/li>\n\n\n\n<li>Guia de v\u00eddeo: Instalar a sua TentBox GO<\/li>\n\n\n\n<li>Guia de v\u00eddeo : Utilizar a sua TentBox GO<\/li>\n<\/ul>\n\n\n\n<p>Antes de a sua TentBox GO estar pronta a ser utilizada, deve primeiro mont\u00e1-la e depois encaixar a TentBox GO no seu autom\u00f3vel. Todas as pe\u00e7as e ferramentas est\u00e3o inclu\u00eddas na sua caixa TentBox GO. Este artigo explica-lhe este processo em pormenor.  <\/p>\n\n\n\n<h2 class=\"wp-block-heading\">Orienta\u00e7\u00f5es para o utilizador da TentBox<\/h2>\n\n\n\n<p>Siga sempre as instru\u00e7\u00f5es de utiliza\u00e7\u00e3o da TentBox quando selecionar, instalar e utilizar a sua TentBox e os postes de telhado.<\/p>\n\n\n\n<p> <strong>N\u00e3o instale ou utilize a sua TentBox se n\u00e3o compreender estas instru\u00e7\u00f5es.<\/strong><\/p>\n\n\n\n<h2 class=\"wp-block-heading\">=> <a href=\"https:\/\/www.blog.campedia.fr\/wp-content\/uploads\/2026\/01\/Tentbox-GO-Manual-de-instalacao-PT.pdf\" data-type=\"link\" data-id=\"https:\/\/www.blog.campedia.fr\/wp-content\/uploads\/2026\/01\/Tentbox-GO-Manual-de-instalacao-PT.pdf\">Fa\u00e7a o download do guia completo de instala\u00e7\u00e3o em pdf<\/a><\/h2>\n\n\n\n<h2 class=\"wp-block-heading\">Guia de v\u00eddeo<\/h2>\n\n\n\n<h4 class=\"wp-block-heading\">Instalar a sua TentBox GO<\/h4>\n\n\n\n<figure class=\"wp-block-embed is-type-video is-provider-vimeo wp-block-embed-vimeo\"><div class=\"wp-block-embed__wrapper\">\n<iframe loading=\"lazy\" title=\"How to Install a TentBox GO\" src=\"https:\/\/player.vimeo.com\/video\/913044441?dnt=1&amp;app_id=122963\" width=\"584\" height=\"329\" frameborder=\"0\" allow=\"autoplay; fullscreen; picture-in-picture; clipboard-write; encrypted-media; web-share\" referrerpolicy=\"strict-origin-when-cross-origin\"><\/iframe>\n<\/div><\/figure>\n\n\n\n<h2 class=\"wp-block-heading\">Guia de v\u00eddeo<\/h2>\n\n\n\n<h4 class=\"wp-block-heading\">Utilizar a sua TentBox GO<\/h4>\n\n\n\n<figure class=\"wp-block-embed is-type-video is-provider-vimeo wp-block-embed-vimeo\"><div class=\"wp-block-embed__wrapper\">\n<iframe loading=\"lazy\" title=\"How to use a TentBox GO\" src=\"https:\/\/player.vimeo.com\/video\/913108849?dnt=1&amp;app_id=122963\" width=\"584\" height=\"329\" frameborder=\"0\" allow=\"autoplay; fullscreen; picture-in-picture; clipboard-write; encrypted-media; web-share\" referrerpolicy=\"strict-origin-when-cross-origin\"><\/iframe>\n<\/div><\/figure>\n","protected":false},"excerpt":{"rendered":"<p>Resumo Como configurar, instalar e utilizar a sua TentBox GO Antes de a sua TentBox GO estar pronta a ser utilizada, deve primeiro mont\u00e1-la e depois encaixar a TentBox GO no seu autom\u00f3vel. Todas as pe\u00e7as e ferramentas est\u00e3o inclu\u00eddas &hellip; <a href=\"https:\/\/www.blog.campedia.fr\/pt-pt\/guia-de-instalacao-da-tentbox-go\/\">Continuar a ler <span class=\"meta-nav\">&rarr;<\/span><\/a><\/p>\n","protected":false},"author":1,"featured_media":0,"parent":0,"menu_order":0,"comment_status":"closed","ping_status":"closed","template":"","meta":{"footnotes":""},"class_list":["post-395","page","type-page","status-publish","hentry"],"_links":{"self":[{"href":"https:\/\/www.blog.campedia.fr\/pt-pt\/wp-json\/wp\/v2\/pages\/395","targetHints":{"allow":["GET"]}}],"collection":[{"href":"https:\/\/www.blog.campedia.fr\/pt-pt\/wp-json\/wp\/v2\/pages"}],"about":[{"href":"https:\/\/www.blog.campedia.fr\/pt-pt\/wp-json\/wp\/v2\/types\/page"}],"author":[{"embeddable":true,"href":"https:\/\/www.blog.campedia.fr\/pt-pt\/wp-json\/wp\/v2\/users\/1"}],"replies":[{"embeddable":true,"href":"https:\/\/www.blog.campedia.fr\/pt-pt\/wp-json\/wp\/v2\/comments?post=395"}],"version-history":[{"count":2,"href":"https:\/\/www.blog.campedia.fr\/pt-pt\/wp-json\/wp\/v2\/pages\/395\/revisions"}],"predecessor-version":[{"id":441,"href":"https:\/\/www.blog.campedia.fr\/pt-pt\/wp-json\/wp\/v2\/pages\/395\/revisions\/441"}],"wp:attachment":[{"href":"https:\/\/www.blog.campedia.fr\/pt-pt\/wp-json\/wp\/v2\/media?parent=395"}],"curies":[{"name":"wp","href":"https:\/\/api.w.org\/{rel}","templated":true}]}}