{"id":386,"date":"2026-01-29T09:19:05","date_gmt":"2026-01-29T09:19:05","guid":{"rendered":"https:\/\/www.blog.campedia.fr\/recomendacoes-para-os-utilizadores-da-tentbox\/"},"modified":"2026-01-29T09:21:42","modified_gmt":"2026-01-29T09:21:42","slug":"recomendacoes-para-os-utilizadores-da-tentbox","status":"publish","type":"page","link":"https:\/\/www.blog.campedia.fr\/pt-pt\/recomendacoes-para-os-utilizadores-da-tentbox\/","title":{"rendered":"Recomenda\u00e7\u00f5es para os utilizadores da TentBox"},"content":{"rendered":"\n<p>Quando conduz com a TentBox instalada, <strong>\u00e9 respons\u00e1vel pela sua pr\u00f3pria seguran\u00e7a.<\/strong><\/p>\n\n<p>\u00c9 importante que leve <strong>a seguran\u00e7a a s\u00e9rio<\/strong> quando instalar e utilizar a sua TentBox e que tenha cuidado em todas as circunst\u00e2ncias.<\/p>\n\n<p>Siga sempre as nossas 3 recomenda\u00e7\u00f5es de seguran\u00e7a: <strong>Escolher, Instalar, Verificar.<\/strong><\/p>\n\n<h2 class=\"wp-block-heading\"><strong>1. Selecione<\/strong><\/h2>\n\n<p>Tem de escolher as barras de tejadilho e o modelo TentBox adequados ao seu ve\u00edculo e \u00e0 instala\u00e7\u00e3o planeada.<\/p>\n\n<h4 class=\"wp-block-heading\">Barras de tejadilho<\/h4>\n\n<p>Certifique-se de que o seu :<\/p>\n\n<ul class=\"wp-block-list\">\n<li>foram fabricados por um fabricante fi\u00e1vel.<\/li>\n\n\n\n<li>tenham sido corretamente testados (por exemplo, certificados T\u00dcV).<\/li>\n\n\n\n<li>foram autorizados para utiliza\u00e7\u00e3o no seu ve\u00edculo.<\/li>\n\n\n\n<li>t\u00eam um limite de carga em conformidade com o modelo de TentBox que pretende instalar.<\/li>\n\n\n\n<li>s\u00e3o feitos de alum\u00ednio e t\u00eam uma forma aerodin\u00e2mica e n\u00e3o quadrada.<\/li>\n\n\n\n<li>s\u00e3o do tipo &#8220;aberto&#8221;, em que as barras se prolongam para al\u00e9m dos p\u00e9s de fixa\u00e7\u00e3o, em vez de se deterem a\u00ed.<\/li>\n<\/ul>\n\n<h4 class=\"wp-block-heading\">Capacidade de carga do tejadilho<\/h4>\n\n<p>Verifique se a capacidade de carga do tejadilho do seu ve\u00edculo corresponde ao peso da sua TentBox.<\/p>\n\n<h2 class=\"wp-block-heading\"><strong>2. Instale<\/strong><\/h2>\n\n<p>Certifique-se de que instala a sua TentBox e as suas barras de tejadilho de forma correta e segura.<\/p>\n\n<p>Em particular, certifique-se de que :<\/p>\n\n<ul class=\"wp-block-list\">\n<li>Se instalou as suas barras de tejadilho de forma correta e segura, seguindo as instru\u00e7\u00f5es do fabricante.<\/li>\n\n\n\n<li>seguiu corretamente as instru\u00e7\u00f5es de instala\u00e7\u00e3o fornecidas com a sua Tentbox<\/li>\n\n\n\n<li>Feche bem a sua TentBox antes de partir.<\/li>\n\n\n\n<li>Aperte os parafusos das suas barras de tejadilho depois de utilizar a sua TentBox pela primeira vez. <strong>Esta opera\u00e7\u00e3o \u00e9 muito importante<\/strong>, pois as suas barras ficar\u00e3o ligeiramente soltas quando forem carregadas pela primeira vez.<\/li>\n<\/ul>\n\n<p><strong>Porqu\u00ea apertar as suas barras de tejadilho?<\/strong><\/p>\n\n<p>As barras de tejadilho <g id=\"gid_0\">desapertam-se ligeiramente ap\u00f3s terem sido carregadas pela primeira vez<\/g>. Por isso, \u00e9 indispens\u00e1vel <g id=\"gid_1\">reapertar os parafusos<\/g> para garantir a instala\u00e7\u00e3o segura da sua TentBox no seu ve\u00edculo. <\/p>\n\n<p>Reaperte as suas barras de tejadilho quando estas suportarem uma carga significativa pela primeira vez, por exemplo, depois de ter dormido uma noite.<\/p>\n\n<p>Uma vez que os parafusos tenham sido corretamente apertados, normalmente permanecem no lugar durante mais tempo. No entanto, recomendamos que verifique regularmente a sua instala\u00e7\u00e3o, seguindo as instru\u00e7\u00f5es abaixo. <\/p>\n\n<h2 class=\"wp-block-heading\">3. Verifique<\/h2>\n\n<p><strong>Antes de cada viagem e a cada 150 km<\/strong>, verifique se a sua TentBox e as barras de tejadilho est\u00e3o corretamente instaladas e cumpra sempre as regras de seguran\u00e7a rodovi\u00e1ria.<\/p>\n\n<p>Nomeadamente:<\/p>\n\n<ul class=\"wp-block-list\">\n<li>Verifique regularmente se as barras de tejadilho est\u00e3o corretamente fixadas ao seu ve\u00edculo, seguindo as instru\u00e7\u00f5es do fabricante, e se nenhuma pe\u00e7a est\u00e1 danificada. Aperte os parafusos das suas barras de tejadilho <em>sempre que necess\u00e1rio<\/em> e, regra geral, pelo menos a cada 2 ou 3 meses. <\/li>\n\n\n\n<li>Verifique regularmente se a sua TentBox est\u00e1 corretamente fixada \u00e0s barras de tejadilho e se nenhuma pe\u00e7a est\u00e1 danificada.<\/li>\n\n\n\n<li>Respeite sempre o limite de velocidade.<\/li>\n\n\n\n<li>Quando a TentBox estiver instalada no seu autom\u00f3vel, adapte a sua condu\u00e7\u00e3o ao peso da mesma, tendo em conta os ventos laterais, as curvas e o impacto na travagem.<\/li>\n\n\n\n<li>A altura do seu ve\u00edculo pode aumentar, at\u00e9 90 cm mais do que a altura habitual (dependendo do tamanho das suas barras de tejadilho). Tenha cuidado com as entradas e os ramos baixos. <\/li>\n<\/ul>\n\n<p>Se tiver quaisquer preocupa\u00e7\u00f5es de seguran\u00e7a relativamente \u00e0 instala\u00e7\u00e3o das barras de tejadilho ou da TentBox, <strong>procure o conselho de um mec\u00e2nico profissional<\/strong>.<\/p>\n","protected":false},"excerpt":{"rendered":"<p>Quando conduz com a TentBox instalada, \u00e9 respons\u00e1vel pela sua pr\u00f3pria seguran\u00e7a. \u00c9 importante que leve a seguran\u00e7a a s\u00e9rio quando instalar e utilizar a sua TentBox e que tenha cuidado em todas as circunst\u00e2ncias. Siga sempre as nossas 3 &hellip; <a href=\"https:\/\/www.blog.campedia.fr\/pt-pt\/recomendacoes-para-os-utilizadores-da-tentbox\/\">Continuar a ler <span class=\"meta-nav\">&rarr;<\/span><\/a><\/p>\n","protected":false},"author":1,"featured_media":0,"parent":0,"menu_order":0,"comment_status":"closed","ping_status":"closed","template":"","meta":{"footnotes":""},"class_list":["post-386","page","type-page","status-publish","hentry"],"_links":{"self":[{"href":"https:\/\/www.blog.campedia.fr\/pt-pt\/wp-json\/wp\/v2\/pages\/386","targetHints":{"allow":["GET"]}}],"collection":[{"href":"https:\/\/www.blog.campedia.fr\/pt-pt\/wp-json\/wp\/v2\/pages"}],"about":[{"href":"https:\/\/www.blog.campedia.fr\/pt-pt\/wp-json\/wp\/v2\/types\/page"}],"author":[{"embeddable":true,"href":"https:\/\/www.blog.campedia.fr\/pt-pt\/wp-json\/wp\/v2\/users\/1"}],"replies":[{"embeddable":true,"href":"https:\/\/www.blog.campedia.fr\/pt-pt\/wp-json\/wp\/v2\/comments?post=386"}],"version-history":[{"count":1,"href":"https:\/\/www.blog.campedia.fr\/pt-pt\/wp-json\/wp\/v2\/pages\/386\/revisions"}],"predecessor-version":[{"id":387,"href":"https:\/\/www.blog.campedia.fr\/pt-pt\/wp-json\/wp\/v2\/pages\/386\/revisions\/387"}],"wp:attachment":[{"href":"https:\/\/www.blog.campedia.fr\/pt-pt\/wp-json\/wp\/v2\/media?parent=386"}],"curies":[{"name":"wp","href":"https:\/\/api.w.org\/{rel}","templated":true}]}}