{"id":357,"date":"2026-01-28T15:21:03","date_gmt":"2026-01-28T15:21:03","guid":{"rendered":"https:\/\/www.blog.campedia.fr\/manuais-de-utilizador-para-tendas-de-tejadilho-e-acessorios-tentbox\/"},"modified":"2026-01-29T11:09:02","modified_gmt":"2026-01-29T11:09:02","slug":"manuais-de-utilizador-para-tendas-de-tejadilho-e-acessorios-tentbox","status":"publish","type":"page","link":"https:\/\/www.blog.campedia.fr\/pt-pt\/","title":{"rendered":"Manuais de utilizador para tendas de tejadilho e acess\u00f3rios TENTBOX"},"content":{"rendered":"\n<p>As informa\u00e7\u00f5es apresentadas neste s\u00edtio s\u00e3o fornecidas apenas para fins informativos.<br\/>S\u00e3o baseadas em tradu\u00e7\u00f5es de documentos t\u00e9cnicos originais e podem conter aproxima\u00e7\u00f5es ou diferen\u00e7as de interpreta\u00e7\u00e3o.<\/p>\n\n<p>O editor do s\u00edtio n\u00e3o pode ser responsabilizado por quaisquer erros, omiss\u00f5es ou interpreta\u00e7\u00f5es resultantes destas tradu\u00e7\u00f5es.<\/p>\n\n<p>Antes da utiliza\u00e7\u00e3o, <a href=\"https:\/\/www.blog.campedia.fr\/pt-pt\/recomendacoes-para-os-utilizadores-da-tentbox\/\" data-type=\"page\" data-id=\"380\">recomendamos-lhe que leia as recomenda\u00e7\u00f5es gerais para os utilizadores de tendas de tejadilho.<\/a><\/p>\n\n<p>Para obter informa\u00e7\u00f5es completas sobre o produto e uma lista de retalhistas, v\u00e1 a <strong><a href=\"http:\/\/www.campedia.fr\">www.campedia.fr<\/a><\/strong>.<\/p>\n\n<p><\/p>\n","protected":false},"excerpt":{"rendered":"<p>As informa\u00e7\u00f5es apresentadas neste s\u00edtio s\u00e3o fornecidas apenas para fins informativos.S\u00e3o baseadas em tradu\u00e7\u00f5es de documentos t\u00e9cnicos originais e podem conter aproxima\u00e7\u00f5es ou diferen\u00e7as de interpreta\u00e7\u00e3o. O editor do s\u00edtio n\u00e3o pode ser responsabilizado por quaisquer erros, omiss\u00f5es ou interpreta\u00e7\u00f5es &hellip; <a href=\"https:\/\/www.blog.campedia.fr\/pt-pt\/\">Continuar a ler <span class=\"meta-nav\">&rarr;<\/span><\/a><\/p>\n","protected":false},"author":1,"featured_media":0,"parent":0,"menu_order":0,"comment_status":"closed","ping_status":"closed","template":"","meta":{"footnotes":""},"class_list":["post-357","page","type-page","status-publish","hentry"],"_links":{"self":[{"href":"https:\/\/www.blog.campedia.fr\/pt-pt\/wp-json\/wp\/v2\/pages\/357","targetHints":{"allow":["GET"]}}],"collection":[{"href":"https:\/\/www.blog.campedia.fr\/pt-pt\/wp-json\/wp\/v2\/pages"}],"about":[{"href":"https:\/\/www.blog.campedia.fr\/pt-pt\/wp-json\/wp\/v2\/types\/page"}],"author":[{"embeddable":true,"href":"https:\/\/www.blog.campedia.fr\/pt-pt\/wp-json\/wp\/v2\/users\/1"}],"replies":[{"embeddable":true,"href":"https:\/\/www.blog.campedia.fr\/pt-pt\/wp-json\/wp\/v2\/comments?post=357"}],"version-history":[{"count":3,"href":"https:\/\/www.blog.campedia.fr\/pt-pt\/wp-json\/wp\/v2\/pages\/357\/revisions"}],"predecessor-version":[{"id":446,"href":"https:\/\/www.blog.campedia.fr\/pt-pt\/wp-json\/wp\/v2\/pages\/357\/revisions\/446"}],"wp:attachment":[{"href":"https:\/\/www.blog.campedia.fr\/pt-pt\/wp-json\/wp\/v2\/media?parent=357"}],"curies":[{"name":"wp","href":"https:\/\/api.w.org\/{rel}","templated":true}]}}