{"id":247,"date":"2026-01-28T14:08:52","date_gmt":"2026-01-28T14:08:52","guid":{"rendered":"https:\/\/www.blog.campedia.fr\/guia-de-instalacao-do-toldo-lateral\/"},"modified":"2026-01-28T14:13:36","modified_gmt":"2026-01-28T14:13:36","slug":"guia-de-instalacao-do-toldo-lateral","status":"publish","type":"page","link":"https:\/\/www.blog.campedia.fr\/pt-pt\/guia-de-instalacao-do-toldo-lateral\/","title":{"rendered":"Guia de instala\u00e7\u00e3o do toldo lateral"},"content":{"rendered":"\n<h1 class=\"wp-block-heading\"><\/h1>\n\n<h2 class=\"wp-block-heading\">Resumo<\/h2>\n\n<p>O nosso guia para instalar o toldo lateral TentBox<\/p>\n\n<ul class=\"wp-block-list\">\n<li>Guia de v\u00eddeo<\/li>\n\n\n\n<li>Instala\u00e7\u00e3o dos seus suportes<\/li>\n\n\n\n<li>Fixar o seu toldo lateral<\/li>\n\n\n\n<li>Instala\u00e7\u00e3o do seu toldo lateral<\/li>\n<\/ul>\n\n<p>O <a href=\"https:\/\/tentbox.com\/product\/tentbox-side-awning\/\" target=\"_blank\" rel=\"noreferrer noopener\">toldo lateral<\/a> TentBox \u00e9 a forma perfeita de completar a sua viagem de campismo, pois oferece abrigo contra a chuva e protege-o do sol.  <\/p>\n\n<p>A sua instala\u00e7\u00e3o demora apenas alguns minutos e pode ser fixada diretamente em barras transversais, barras de tejadilho elevadas ou na calha de acess\u00f3rios da <a href=\"https:\/\/tentbox.com\/product\/tentbox-cargo\/\">TentBox Cargo<\/a>.  <\/p>\n\n<p>Veja o nosso v\u00eddeo de instala\u00e7\u00e3o abaixo, bem como o nosso guia escrito passo-a-passo.<\/p>\n\n<h2 class=\"wp-block-heading\">Guia de v\u00eddeo<\/h2>\n\n<figure class=\"wp-block-embed is-type-video is-provider-vimeo wp-block-embed-vimeo\"><div class=\"wp-block-embed__wrapper\">\n<iframe loading=\"lazy\" title=\"How-to - Cargo &amp; Universal Awning\" src=\"https:\/\/player.vimeo.com\/video\/1020989491?dnt=1&amp;app_id=122963\" width=\"584\" height=\"329\" frameborder=\"0\" allow=\"autoplay; fullscreen; picture-in-picture; clipboard-write; encrypted-media; web-share\" referrerpolicy=\"strict-origin-when-cross-origin\"><\/iframe>\n<\/div><\/figure>\n\n<h2 class=\"wp-block-heading\">Instala\u00e7\u00e3o dos seus suportes  <\/h2>\n\n<h3 class=\"wp-block-heading\">Suportes universais para toldos<\/h3>\n\n<p>Os suportes universais para toldos incluem:<\/p>\n\n<figure class=\"wp-block-image\"><img decoding=\"async\" src=\"https:\/\/cdn.shopify.com\/s\/files\/1\/0629\/6440\/0317\/files\/install-side-awning-01_600x600.jpg?v=1684315737\" alt=\"Kit de suporte universal do toldo lateral TentBox na tabela que mostra cada pe&#xE7;a\"\/><\/figure>\n\n<p>Os suportes em L t\u00eam 4 orif\u00edcios. Os orif\u00edcios que escolher depender\u00e3o da sua configura\u00e7\u00e3o. <\/p>\n\n<p>Tem de se certificar de que existe espa\u00e7o suficiente entre a extremidade da sua barra transversal e o toldo lateral depois de instalado.<\/p>\n\n<h4 class=\"wp-block-heading\">Instala\u00e7\u00e3o em barras de tejadilho<\/h4>\n\n<ol class=\"wp-block-list\">\n<li>Coloque duas placas rectangulares em cima da sua barra de tejadilho.<\/li>\n\n\n\n<li>Com o lado mais curto da placa em L virado para cima, coloque dois parafusos compridos em dois dos orif\u00edcios, certificando-se de que existe espa\u00e7o suficiente entre a extremidade das barras de tejadilho e o toldo lateral.<\/li>\n\n\n\n<li>Fa\u00e7a o mesmo com um segundo suporte em L e, em seguida, basta colocar os parafusos atrav\u00e9s das placas rectangulares de metal que est\u00e3o apoiadas na sua barra de tejadilho.  <\/li>\n\n\n\n<li>Para criar a bra\u00e7adeira, pegue em mais duas placas rectangulares e coloque-as na extremidade dos parafusos por baixo da sua barra de tejadilho, paralelamente \u00e0s placas rectangulares acima da barra transversal.<\/li>\n\n\n\n<li>Enrosque \u00e0 m\u00e3o as porcas nos quatro parafusos para manter a configura\u00e7\u00e3o no lugar.<\/li>\n\n\n\n<li>Repita este processo na outra barra de tejadilho.<\/li>\n\n\n\n<li>Quando estiver satisfeito com o posicionamento dos suportes, aperte as porcas e os parafusos com uma chave inglesa para os fixar. Recomendamos que utilize duas chaves &#8211; uma para segurar a cabe\u00e7a do parafuso na parte superior e a outra para apertar a porca na parte inferior. <\/li>\n\n\n\n<li>Tamb\u00e9m \u00e9 uma boa ideia apertar cada porca um pouco de cada vez para se certificar de que a placa inferior se fixa \u00e0 barra de tejadilho num \u00e2ngulo plano.  <\/li>\n<\/ol>\n\n<p><strong>Instala\u00e7\u00e3o direta nas barras de tejadilho elevadas<\/strong><\/p>\n\n<ol class=\"wp-block-list\">\n<li>Pegue num dos suportes em L e coloque dois parafusos compridos nos orif\u00edcios. Depois, com o lado curto do suporte virado para cima, coloque-o no topo da calha do tejadilho. <\/li>\n\n\n\n<li>Pegue numa das suas placas rectangulares de metal, coloque-a por baixo da calha e ligue-a aos parafusos.  <\/li>\n\n\n\n<li>Em seguida, pode aplicar as porcas e apertar com uma chave inglesa at\u00e9 o suporte ficar bem preso \u00e0 calha do tejadilho.<\/li>\n\n\n\n<li>Repita este processo para as outras tr\u00eas placas em L, certificando-se de que est\u00e3o espalhadas a igual dist\u00e2ncia ao longo da calha do tejadilho para distribuir uniformemente o peso do toldo lateral.<\/li>\n<\/ol>\n\n<h3 class=\"wp-block-heading\">Suportes do toldo de carga<\/h3>\n\n<p>Os suportes do toldo de carga incluem:<\/p>\n\n<figure class=\"wp-block-image\"><img decoding=\"async\" src=\"https:\/\/cdn.shopify.com\/s\/files\/1\/0629\/6440\/0317\/files\/install-side-awning-02_600x600.jpg?v=1684315762\" alt=\"Suportes de carga do toldo lateral TentBox na mesa, mostrando claramente cada pe&#xE7;a\"\/><\/figure>\n\n<p>Existem duas varia\u00e7\u00f5es dos suportes do toldo Cargo: curvos e angulares. O tipo de que necessita depender\u00e1 da sua vers\u00e3o da TentBox Cargo, e pode determinar isso olhando para a parte inferior do toldo para ver se parece curvo ou angular. <\/p>\n\n<p>Se tiver dificuldade em determinar a vers\u00e3o de que necessita, envie-nos uma mensagem com uma fotografia do seu Cargo e teremos todo o gosto em ajud\u00e1-lo<\/p>\n\n<ol class=\"wp-block-list\">\n<li>Introduza quatro parafusos na calha de acess\u00f3rios inferior do seu Cargo e quatro ao longo da calha superior &#8211; ter\u00e1 de ficar com quatro em cada extremidade.<\/li>\n\n\n\n<li>Encaixe os dois suportes nos parafusos expostos e deslize-os ao longo da calha para os colocar numa boa posi\u00e7\u00e3o.  <\/li>\n\n\n\n<li>Ir\u00e1 reparar que os suportes t\u00eam orif\u00edcios maiores de um lado do que do outro &#8211; estes s\u00e3o para acomodar os parafusos M8 grandes. Certifique-se de que o lado com os orif\u00edcios maiores fica encostado \u00e0 calha de acess\u00f3rios. <\/li>\n\n\n\n<li>Recomendamos que coloque os suportes a cerca de 30 cm de cada extremidade para garantir que o peso do toldo lateral \u00e9 distribu\u00eddo de forma segura.<\/li>\n\n\n\n<li>Quando estiver satisfeito com a posi\u00e7\u00e3o dos suportes, pode fix\u00e1-los no lugar utilizando as porcas fornecidas e apertar com uma chave inglesa.<\/li>\n<\/ol>\n\n<h2 class=\"wp-block-heading\">Fixa\u00e7\u00e3o do seu toldo lateral<\/h2>\n\n<ol class=\"wp-block-list\">\n<li>Quando os suportes estiverem fixados, pegue no toldo lateral e vire-o para expor a calha. Deslize quatro parafusos para a calha superior e quatro parafusos para a calha inferior. <\/li>\n\n\n\n<li>Quando os 8 parafusos estiverem colocados, fa\u00e7a-os deslizar ao longo das calhas para que fiquem alinhados com a posi\u00e7\u00e3o do seu sistema de suportes.<\/li>\n\n\n\n<li>Com a ajuda de outra pessoa, levante o toldo lateral at\u00e9 \u00e0 sua posi\u00e7\u00e3o, certificando-se de que todos os parafusos est\u00e3o encaixados nos suportes.<\/li>\n\n\n\n<li>Com o seu ajudante a segurar o toldo, coloque as porcas nos parafusos e aperte-os com uma chave inglesa para os fixar.<\/li>\n<\/ol>\n\n<h2 class=\"wp-block-heading\">Montagem do seu toldo lateral<\/h2>\n\n<ol class=\"wp-block-list\">\n<li>Abra o fecho da tampa.<\/li>\n\n\n\n<li>Estenda o tecido do toldo lateral at\u00e9 ao seu comprimento m\u00e1ximo.<\/li>\n\n\n\n<li>Dobre as pernas para baixo e ajuste-as para obter a altura da sua instala\u00e7\u00e3o.<\/li>\n\n\n\n<li>Pode soltar as pernas rodando-as, puxar para fora at\u00e9 ao comprimento pretendido e, em seguida, rod\u00e1-las para a posi\u00e7\u00e3o oposta para as fixar no lugar.<\/li>\n\n\n\n<li>Abra os bra\u00e7os e estenda-os para os encaixar nos orif\u00edcios da extremidade do toldo lateral.<\/li>\n\n\n\n<li>Utilize o mesmo movimento de tor\u00e7\u00e3o para os apertar na sua posi\u00e7\u00e3o final.<\/li>\n\n\n\n<li>Utilize as tiras de velcro para fixar a capota de tecido aos bra\u00e7os estendidos.<\/li>\n<\/ol>\n\n<h2 class=\"wp-block-heading\">Utilizar o seu toldo lateral<\/h2>\n\n<ol class=\"wp-block-list\">\n<li>Coloque o toldo num \u00e2ngulo se estiver prevista chuva.<\/li>\n\n\n\n<li>Evite utilizar o toldo com ventos fortes.<\/li>\n\n\n\n<li>N\u00e3o deixe o toldo sem vigil\u00e2ncia quando estiver a ser utilizado.<\/li>\n<\/ol>\n","protected":false},"excerpt":{"rendered":"<p>Resumo O nosso guia para instalar o toldo lateral TentBox O toldo lateral TentBox \u00e9 a forma perfeita de completar a sua viagem de campismo, pois oferece abrigo contra a chuva e protege-o do sol. A sua instala\u00e7\u00e3o demora apenas &hellip; <a href=\"https:\/\/www.blog.campedia.fr\/pt-pt\/guia-de-instalacao-do-toldo-lateral\/\">Continuar a ler <span class=\"meta-nav\">&rarr;<\/span><\/a><\/p>\n","protected":false},"author":1,"featured_media":0,"parent":0,"menu_order":0,"comment_status":"closed","ping_status":"closed","template":"","meta":{"footnotes":""},"class_list":["post-247","page","type-page","status-publish","hentry"],"_links":{"self":[{"href":"https:\/\/www.blog.campedia.fr\/pt-pt\/wp-json\/wp\/v2\/pages\/247","targetHints":{"allow":["GET"]}}],"collection":[{"href":"https:\/\/www.blog.campedia.fr\/pt-pt\/wp-json\/wp\/v2\/pages"}],"about":[{"href":"https:\/\/www.blog.campedia.fr\/pt-pt\/wp-json\/wp\/v2\/types\/page"}],"author":[{"embeddable":true,"href":"https:\/\/www.blog.campedia.fr\/pt-pt\/wp-json\/wp\/v2\/users\/1"}],"replies":[{"embeddable":true,"href":"https:\/\/www.blog.campedia.fr\/pt-pt\/wp-json\/wp\/v2\/comments?post=247"}],"version-history":[{"count":1,"href":"https:\/\/www.blog.campedia.fr\/pt-pt\/wp-json\/wp\/v2\/pages\/247\/revisions"}],"predecessor-version":[{"id":248,"href":"https:\/\/www.blog.campedia.fr\/pt-pt\/wp-json\/wp\/v2\/pages\/247\/revisions\/248"}],"wp:attachment":[{"href":"https:\/\/www.blog.campedia.fr\/pt-pt\/wp-json\/wp\/v2\/media?parent=247"}],"curies":[{"name":"wp","href":"https:\/\/api.w.org\/{rel}","templated":true}]}}