{"id":235,"date":"2026-01-28T12:39:41","date_gmt":"2026-01-28T12:39:41","guid":{"rendered":"https:\/\/www.blog.campedia.fr\/guia-de-instalacao-do-toldo-para-a-tentbox-cargo-2-0\/"},"modified":"2026-01-28T13:48:41","modified_gmt":"2026-01-28T13:48:41","slug":"guia-de-instalacao-do-toldo-para-a-tentbox-cargo-2-0","status":"publish","type":"page","link":"https:\/\/www.blog.campedia.fr\/pt-pt\/guia-de-instalacao-do-toldo-para-a-tentbox-cargo-2-0\/","title":{"rendered":"Guia de instala\u00e7\u00e3o do toldo para a Tentbox Cargo 2.0"},"content":{"rendered":"\n<h1 class=\"wp-block-heading\"><\/h1>\n\n<h2 class=\"wp-block-heading\"><strong>Introdu\u00e7\u00e3o<\/strong><\/h2>\n\n<p>O Living Pod foi concebido para se fixar perfeitamente \u00e0 sua TentBox Cargo 2.0, oferecendo prote\u00e7\u00e3o adicional contra a chuva e o sol. Tamb\u00e9m pode ser colocado em &#8220;modo asa&#8221; para uma \u00e1rea protegida maior.  <\/p>\n\n<figure class=\"wp-block-embed is-type-video is-provider-vimeo wp-block-embed-vimeo\"><div class=\"wp-block-embed__wrapper\">\n<iframe loading=\"lazy\" title=\"How-to - Install Cargo Living Pod\" src=\"https:\/\/player.vimeo.com\/video\/1023294788?dnt=1&amp;app_id=122963\" width=\"584\" height=\"329\" frameborder=\"0\" allow=\"autoplay; fullscreen; picture-in-picture; clipboard-write; encrypted-media; web-share\" referrerpolicy=\"strict-origin-when-cross-origin\"><\/iframe>\n<\/div><\/figure>\n\n<p><strong>O que est\u00e1 inclu\u00eddo<\/strong><\/p>\n\n<ol class=\"wp-block-list\">\n<li><strong>Living Pod<\/strong> (em tr\u00eas sec\u00e7\u00f5es: painel superior, painel traseiro e tenda principal de estar)<\/li>\n\n\n\n<li><strong>Postes de campismo<\/strong> (tr\u00eas comprimentos diferentes)<\/li>\n\n\n\n<li><strong>Postes telesc\u00f3picos<\/strong><\/li>\n\n\n\n<li><strong>Saco de ferragens<\/strong> (com porcas de canal e parafusos de aperto manual)<\/li>\n\n\n\n<li><strong>Placa de ch\u00e3o<\/strong><\/li>\n<\/ol>\n\n<figure class=\"wp-block-image\"><img decoding=\"async\" src=\"https:\/\/cdn.shopify.com\/s\/files\/1\/0629\/6440\/0317\/files\/Cargo2-Living-Pod-How-To-1b_1024x1024.jpg?v=1720187204\" alt=\"Cargo 2.0 Living Pod - O que est&#xE1; inclu&#xED;do\"\/><\/figure>\n\n<h2 class=\"wp-block-heading\"><strong>Instru\u00e7\u00f5es passo a passo<\/strong><\/h2>\n\n<p><strong>1. Instala\u00e7\u00e3o do painel traseiro<\/strong><\/p>\n\n<ul class=\"wp-block-list\">\n<li>Identifique a extremidade superior com as abas no painel de tecido mais pequeno.<\/li>\n\n\n\n<li>Certifique-se de que as abas est\u00e3o viradas para longe do carro, para que sejam acess\u00edveis a partir do interior do pod.<\/li>\n\n\n\n<li>Deslize a parte superior do material atrav\u00e9s do canal por baixo da TentBox e atr\u00e1s da escada.<\/li>\n<\/ul>\n\n<figure class=\"wp-block-table\"><table class=\"has-fixed-layout\"><tbody><tr><td> <img decoding=\"async\" alt=\"\" src=\"https:\/\/cdn.shopify.com\/s\/files\/1\/0629\/6440\/0317\/files\/Cargo2-Living-Pod-How-To-20-comp_480x480.jpg?v=1720195386\"\/><\/td><td><img decoding=\"async\" alt=\"\" src=\"https:\/\/cdn.shopify.com\/s\/files\/1\/0629\/6440\/0317\/files\/Cargo2-Living-Pod-How-To-21-comp_480x480.jpg?v=1720195405\"\/><\/td><\/tr><\/tbody><\/table><\/figure>\n\n<p><strong>2. Instala\u00e7\u00e3o da parte superior<\/strong><\/p>\n\n<ul class=\"wp-block-list\">\n<li>Identifique os ganchos de fixa\u00e7\u00e3o na parte superior do tecido.<\/li>\n\n\n\n<li>Com a TentBox fechada, prenda-os por baixo das argolas espa\u00e7adas.<\/li>\n\n\n\n<li>Comece pela esquerda e pare quando chegar ao cabo de reten\u00e7\u00e3o de gasolina.<\/li>\n\n\n\n<li>Fixe o canto esquerdo da sec\u00e7\u00e3o superior \u00e0 ranhura em T da estrutura superior.<\/li>\n\n\n\n<li>Fixe os cantos superiores utilizando porcas de canais e parafusos de aperto manual no saco de ferragens:\n<ul class=\"wp-block-list\">\n<li>Deslize a porca para a barra de acess\u00f3rios, alinhe-a com o ilh\u00f3 no tecido de canto e aparafuse-a ligeiramente no lugar. Fa\u00e7a o mesmo em ambos os lados. <\/li>\n\n\n\n<li>Estique o tecido ao longo da barra de acess\u00f3rios e aperte os parafusos de aperto manual. <\/li>\n<\/ul>\n<\/li>\n\n\n\n<li>Ao levantar ligeiramente a TentBox, termine de inserir os ganchos nas argolas no lado direito da perna de g\u00e1s.<\/li>\n\n\n\n<li>Nesta fase, pode levantar completamente a TentBox e ligar a extremidade traseira da sec\u00e7\u00e3o superior \u00e0 prote\u00e7\u00e3o contra a chuva da Cargo. Utilize o velcro para fixar tudo. <\/li>\n<\/ul>\n\n<figure class=\"wp-block-table\"><table class=\"has-fixed-layout\"><tbody><tr><td><img decoding=\"async\" src=\"https:\/\/cdn.shopify.com\/s\/files\/1\/0629\/6440\/0317\/files\/Cargo2-Living-Pod-How-To-2-comp_480x480.jpg?v=1720194694\" alt=\"\"\/><\/td><td><img decoding=\"async\" alt=\"\" src=\"https:\/\/cdn.shopify.com\/s\/files\/1\/0629\/6440\/0317\/files\/Cargo2-Living-Pod-How-To-3-comp_480x480.jpg?v=1720194693\"\/><\/td><td><img decoding=\"async\" alt=\"\" src=\"https:\/\/cdn.shopify.com\/s\/files\/1\/0629\/6440\/0317\/files\/Cargo2-Living-Pod-How-To-4-comp_480x480.jpg?v=1720194693\"\/><\/td><\/tr><tr><td><img decoding=\"async\" alt=\"\" src=\"https:\/\/cdn.shopify.com\/s\/files\/1\/0629\/6440\/0317\/files\/Cargo2-Living-Pod-How-To-8-comp_480x480.jpg?v=1720194983\"\/><\/td><td><img decoding=\"async\" alt=\"\" src=\"https:\/\/cdn.shopify.com\/s\/files\/1\/0629\/6440\/0317\/files\/Cargo2-Living-Pod-How-To-10-comp_480x480.jpg?v=1720195018\"\/><\/td><td><img decoding=\"async\" alt=\"\" src=\"https:\/\/cdn.shopify.com\/s\/files\/1\/0629\/6440\/0317\/files\/Cargo2-Living-Pod-How-To-15-comp_480x480.jpg?v=1720195165\"\/><\/td><\/tr><\/tbody><\/table><\/figure>\n\n<p><strong>3. Instala\u00e7\u00e3o dos postes de campismo<\/strong><\/p>\n\n<ul class=\"wp-block-list\">\n<li>Comece por inserir os suportes de poste nas duas extremidades do canal superior em T na base da tenda.<\/li>\n\n\n\n<li>Aperte-os firmemente, certificando-se de que a parte saliente est\u00e1 no lado exterior e se ajusta contra a extremidade do carril acess\u00f3rio.<\/li>\n\n\n\n<li>Existem tr\u00eas comprimentos diferentes de postes. Comece pela barra de tamanho m\u00e9dio, deslizando-a para dentro da bolsa na parte inferior do painel central, por baixo da janela. <\/li>\n\n\n\n<li>O poste mais comprido insere-se no painel na frente e o mais curto no painel na parte de tr\u00e1s da TentBox.<\/li>\n\n\n\n<li>Insira os postes nos suportes para os fixar.<\/li>\n<\/ul>\n\n<figure class=\"wp-block-table\"><table class=\"has-fixed-layout\"><tbody><tr><td><img decoding=\"async\" src=\"https:\/\/cdn.shopify.com\/s\/files\/1\/0629\/6440\/0317\/files\/Cargo2-Living-Pod-How-To-17-comp_480x480.jpg?v=1720195284\" alt=\"\"\/><\/td><td><\/td><td><img decoding=\"async\" src=\"https:\/\/cdn.shopify.com\/s\/files\/1\/0629\/6440\/0317\/files\/Cargo2-Living-Pod-How-To-18-comp_480x480.jpg?v=1720195320\" alt=\"\"\/><\/td><\/tr><\/tbody><\/table><\/figure>\n\n<p><strong>4. Ligar o toldo principal<\/strong><\/p>\n\n<ul class=\"wp-block-list\">\n<li>Ligue a sec\u00e7\u00e3o principal do Living Pod \u00e0 parte superior com o velcro e comece pelo painel central. Certifique-se de que o velcro envolve a parte superior e inferior dos postes. <\/li>\n\n\n\n<li>Fixe o canto esquerdo \u00e0s ranhuras inferiores em T da base TentBox, utilizando as porcas de canal e os parafusos de aperto manual.<\/li>\n\n\n\n<li>Estique a cobertura para se certificar de que est\u00e1 bem esticada e bem fixa e, em seguida, repita o mesmo processo no canto direito.<\/li>\n\n\n\n<li>Depois de feito, feche cada lado no lugar.<\/li>\n<\/ul>\n\n<figure class=\"wp-block-table\"><table class=\"has-fixed-layout\"><tbody><tr><td> <img decoding=\"async\" src=\"https:\/\/cdn.shopify.com\/s\/files\/1\/0629\/6440\/0317\/files\/Cargo2-Living-Pod-How-To-28-comp_480x480.jpg?v=1720195736\" alt=\"\"\/><\/td><td><img decoding=\"async\" src=\"https:\/\/cdn.shopify.com\/s\/files\/1\/0629\/6440\/0317\/files\/Cargo2-Living-Pod-How-To-30-comp_480x480.jpg?v=1720195758\" alt=\"\"\/><\/td><\/tr><\/tbody><\/table><\/figure>\n\n<p><\/p>\n\n<p><strong>5. Cabos de reten\u00e7\u00e3o e estacas<\/strong><\/p>\n\n<ul class=\"wp-block-list\">\n<li>Prenda os cabos de reten\u00e7\u00e3o aos pontos de fixa\u00e7\u00e3o, se ainda n\u00e3o estiverem fixados.<\/li>\n\n\n\n<li>Puxe o cabo de reten\u00e7\u00e3o do canto por baixo do lado esquerdo da janela, fixe-o num \u00e2ngulo de 60 graus.<\/li>\n\n\n\n<li>Repita no lado direito da janela.<\/li>\n\n\n\n<li>Crie tens\u00e3o no tecido Living Pod e fixe-o, come\u00e7ando pelas duas correias frontais e, em seguida, nas laterais.<\/li>\n\n\n\n<li>Desaperte o fecho de correr e abra a porta lateral, enrolando o painel exterior e a grelha interior para cima e para fora do caminho.<\/li>\n\n\n\n<li>Coloque a placa de base, certificando-se de que est\u00e1 bem plana, sobrepondo o painel traseiro. Fixe-o atrav\u00e9s dos ilh\u00f3s \u00e0 volta de toda a \u00e1rea do Living Pod. <\/li>\n\n\n\n<li>Ajuste a tens\u00e3o com as correias ajust\u00e1veis para se certificar de que os lados est\u00e3o esticados.<\/li>\n<\/ul>\n\n<figure class=\"wp-block-table\"><table class=\"has-fixed-layout\"><tbody><tr><td> <img decoding=\"async\" alt=\"\" src=\"https:\/\/cdn.shopify.com\/s\/files\/1\/0629\/6440\/0317\/files\/Cargo2-Living-Pod-How-To-32-comp_480x480.jpg?v=1720195809\"\/><\/td><td><img decoding=\"async\" src=\"https:\/\/cdn.shopify.com\/s\/files\/1\/0629\/6440\/0317\/files\/Cargo2-Living-Pod-How-To-34-comp_480x480.jpg?v=1720195827\" alt=\"\"\/><\/td><td><img decoding=\"async\" src=\"https:\/\/cdn.shopify.com\/s\/files\/1\/0629\/6440\/0317\/files\/Cargo2-Living-Pod-How-To-37-comp_480x480.jpg?v=1720195857\" alt=\"\"\/><\/td><td><\/td><\/tr><\/tbody><\/table><\/figure>\n\n<p><strong>6. Coloca\u00e7\u00e3o no modo asa<\/strong><\/p>\n\n<ul class=\"wp-block-list\">\n<li>Desaperte o fecho de correr dos lados do painel frontal para mudar para o modo asa.<\/li>\n\n\n\n<li>Estique os postes telesc\u00f3picos at\u00e9 \u00e0 altura desejada, insira-os nos ilh\u00f3s do painel frontal e fixe-os com cabos de reten\u00e7\u00e3o e estacas.<\/li>\n<\/ul>\n\n<figure class=\"wp-block-image\"><img decoding=\"async\" src=\"https:\/\/cdn.shopify.com\/s\/files\/1\/0629\/6440\/0317\/files\/Cargo2-Living-Pod-How-To-48-comp_1024x1024.jpg?v=1720195971\" alt=\"Cargo 2.0 Living Pod no modo Wing\"\/><\/figure>\n\n<h2 class=\"wp-block-heading\"><strong>Verifica\u00e7\u00e3o final<\/strong><\/h2>\n\n<ul class=\"wp-block-list\">\n<li>Certifique-se de que todas as sec\u00e7\u00f5es est\u00e3o bem fixas e de que n\u00e3o h\u00e1 folga no tecido.<\/li>\n\n\n\n<li>Fa\u00e7a os \u00faltimos ajustes na tens\u00e3o dos cabos de reten\u00e7\u00e3o e do tecido.<\/li>\n<\/ul>\n\n<h2 class=\"wp-block-heading\"><strong>Dicas<\/strong><\/h2>\n\n<ul class=\"wp-block-list\">\n<li>Para uma instala\u00e7\u00e3o est\u00e1vel, certifique-se de que os postes telesc\u00f3picos est\u00e3o bem direitos.<\/li>\n\n\n\n<li>Quanto mais esticar os cabos de reten\u00e7\u00e3o, mais est\u00e1vel ser\u00e1 o seu Living Pod.<\/li>\n<\/ul>\n","protected":false},"excerpt":{"rendered":"<p>Introdu\u00e7\u00e3o O Living Pod foi concebido para se fixar perfeitamente \u00e0 sua TentBox Cargo 2.0, oferecendo prote\u00e7\u00e3o adicional contra a chuva e o sol. Tamb\u00e9m pode ser colocado em &#8220;modo asa&#8221; para uma \u00e1rea protegida maior. O que est\u00e1 inclu\u00eddo &hellip; <a href=\"https:\/\/www.blog.campedia.fr\/pt-pt\/guia-de-instalacao-do-toldo-para-a-tentbox-cargo-2-0\/\">Continuar a ler <span class=\"meta-nav\">&rarr;<\/span><\/a><\/p>\n","protected":false},"author":1,"featured_media":0,"parent":0,"menu_order":0,"comment_status":"closed","ping_status":"closed","template":"","meta":{"footnotes":""},"class_list":["post-235","page","type-page","status-publish","hentry"],"_links":{"self":[{"href":"https:\/\/www.blog.campedia.fr\/pt-pt\/wp-json\/wp\/v2\/pages\/235","targetHints":{"allow":["GET"]}}],"collection":[{"href":"https:\/\/www.blog.campedia.fr\/pt-pt\/wp-json\/wp\/v2\/pages"}],"about":[{"href":"https:\/\/www.blog.campedia.fr\/pt-pt\/wp-json\/wp\/v2\/types\/page"}],"author":[{"embeddable":true,"href":"https:\/\/www.blog.campedia.fr\/pt-pt\/wp-json\/wp\/v2\/users\/1"}],"replies":[{"embeddable":true,"href":"https:\/\/www.blog.campedia.fr\/pt-pt\/wp-json\/wp\/v2\/comments?post=235"}],"version-history":[{"count":1,"href":"https:\/\/www.blog.campedia.fr\/pt-pt\/wp-json\/wp\/v2\/pages\/235\/revisions"}],"predecessor-version":[{"id":236,"href":"https:\/\/www.blog.campedia.fr\/pt-pt\/wp-json\/wp\/v2\/pages\/235\/revisions\/236"}],"wp:attachment":[{"href":"https:\/\/www.blog.campedia.fr\/pt-pt\/wp-json\/wp\/v2\/media?parent=235"}],"curies":[{"name":"wp","href":"https:\/\/api.w.org\/{rel}","templated":true}]}}