{"id":185,"date":"2026-01-28T12:54:07","date_gmt":"2026-01-28T12:54:07","guid":{"rendered":"https:\/\/www.blog.campedia.fr\/guia-de-instalacao-da-tenda-tunel-cargo-2-0\/"},"modified":"2026-01-29T10:24:51","modified_gmt":"2026-01-29T10:24:51","slug":"guia-de-instalacao-da-tenda-tunel-cargo-2-0","status":"publish","type":"page","link":"https:\/\/www.blog.campedia.fr\/pt-pt\/guia-de-instalacao-da-tenda-tunel-cargo-2-0\/","title":{"rendered":"Guia de instala\u00e7\u00e3o do toldo de t\u00fanel para a Tentbox Cargo 2.0"},"content":{"rendered":"\n<h1 class=\"wp-block-heading\">Veja o nosso v\u00eddeo pr\u00e1tico abaixo para aprender a instalar e a utilizar a sua tenda t\u00fanel TentBox Cargo 2.0:<\/h1>\n\n<figure class=\"wp-block-embed is-type-video is-provider-vimeo wp-block-embed-vimeo\"><div class=\"wp-block-embed__wrapper\">\n<iframe loading=\"lazy\" title=\"How-To - TentBox Cargo 2.0 Tunnel Awning\" src=\"https:\/\/player.vimeo.com\/video\/957032684?dnt=1&amp;app_id=122963\" width=\"584\" height=\"329\" frameborder=\"0\" allow=\"autoplay; fullscreen; picture-in-picture; clipboard-write; encrypted-media; web-share\" referrerpolicy=\"strict-origin-when-cross-origin\"><\/iframe>\n<\/div><\/figure>\n","protected":false},"excerpt":{"rendered":"<p>Veja o nosso v\u00eddeo pr\u00e1tico abaixo para aprender a instalar e a utilizar a sua tenda t\u00fanel TentBox Cargo 2.0:<\/p>\n","protected":false},"author":1,"featured_media":0,"parent":0,"menu_order":0,"comment_status":"closed","ping_status":"closed","template":"","meta":{"footnotes":""},"class_list":["post-185","page","type-page","status-publish","hentry"],"_links":{"self":[{"href":"https:\/\/www.blog.campedia.fr\/pt-pt\/wp-json\/wp\/v2\/pages\/185","targetHints":{"allow":["GET"]}}],"collection":[{"href":"https:\/\/www.blog.campedia.fr\/pt-pt\/wp-json\/wp\/v2\/pages"}],"about":[{"href":"https:\/\/www.blog.campedia.fr\/pt-pt\/wp-json\/wp\/v2\/types\/page"}],"author":[{"embeddable":true,"href":"https:\/\/www.blog.campedia.fr\/pt-pt\/wp-json\/wp\/v2\/users\/1"}],"replies":[{"embeddable":true,"href":"https:\/\/www.blog.campedia.fr\/pt-pt\/wp-json\/wp\/v2\/comments?post=185"}],"version-history":[{"count":2,"href":"https:\/\/www.blog.campedia.fr\/pt-pt\/wp-json\/wp\/v2\/pages\/185\/revisions"}],"predecessor-version":[{"id":407,"href":"https:\/\/www.blog.campedia.fr\/pt-pt\/wp-json\/wp\/v2\/pages\/185\/revisions\/407"}],"wp:attachment":[{"href":"https:\/\/www.blog.campedia.fr\/pt-pt\/wp-json\/wp\/v2\/media?parent=185"}],"curies":[{"name":"wp","href":"https:\/\/api.w.org\/{rel}","templated":true}]}}