{"id":108,"date":"2026-01-28T09:00:37","date_gmt":"2026-01-28T09:00:37","guid":{"rendered":"https:\/\/www.blog.campedia.fr\/cargo-2-0\/"},"modified":"2026-01-29T14:07:00","modified_gmt":"2026-01-29T14:07:00","slug":"cargo-2-0","status":"publish","type":"page","link":"https:\/\/www.blog.campedia.fr\/pt-pt\/cargo-2-0\/","title":{"rendered":"Tenda de tejadilho Cargo 2.0"},"content":{"rendered":"\n<h1 class=\"wp-block-heading\">Guia de instala\u00e7\u00e3o da TentBox Cargo 2.0<\/h1>\n\n<h2 class=\"wp-block-heading\">Resumo<\/h2>\n\n<p>Como configurar, instalar e utilizar a sua TentBox Cargo 2.0.<\/p>\n\n<ul class=\"wp-block-list\">\n<li>Diretrizes de utiliza\u00e7\u00e3o da TentBox<\/li>\n\n\n\n<li>Desembalagem<\/li>\n\n\n\n<li>Instala\u00e7\u00e3o<\/li>\n\n\n\n<li>Montagem no seu ve\u00edculo<\/li>\n\n\n\n<li>Apertar novamente as suas barras de tejadilho<\/li>\n\n\n\n<li>Guia em v\u00eddeo \u2013 manual de utiliza\u00e7\u00e3o<\/li>\n\n\n\n<li>Utilizar a sua TentBox<\/li>\n\n\n\n<li>Armazenamento e manuten\u00e7\u00e3o<\/li>\n<\/ul>\n\n<p>Antes de poder montar a sua TentBox Cargo no seu ve\u00edculo, deve primeiro fixar alguns elementos. Estes devem ser instalados no rail para acess\u00f3rios \u00e0 volta da sua TentBox. Este artigo explica detalhadamente como faz\u00ea-lo.  <\/p>\n\n<h2 class=\"wp-block-heading\">Recomenda\u00e7\u00f5es para os utilizadores da TentBox<\/h2>\n\n<p>Siga sempre as nossas recomenda\u00e7\u00f5es para os utilizadores da TentBox ao escolher, instalar e utilizar a sua TentBox e as suas barras de tejadilho.<\/p>\n\n<p><strong>Por favor, n\u00e3o instale nem utilize a sua TentBox se tiver d\u00favidas sobre estas instru\u00e7\u00f5es.<\/strong><\/p>\n\n<h2 class=\"wp-block-heading\">Desembalagem<\/h2>\n\n<p>Desembale a sua TentBox com precau\u00e7\u00e3o, especialmente na presen\u00e7a de crian\u00e7as. \u00c9 um produto pesado e volumoso, que cont\u00e9m pe\u00e7as e mecanismos que podem ser perigosos. <\/p>\n\n<p>Ao abrir a sua TentBox pela primeira vez, verifique minuciosamente se existem pequenas lascas met\u00e1licas relacionadas com o fabrico. Embora as limitemos antes de embalar as TentBox, por vezes algumas lascas met\u00e1licas caem durante o transporte. Certifique-se de que verifica bem e utilize um aspirador para garantir que n\u00e3o restam lascas met\u00e1licas.  <\/p>\n\n<h2 class=\"wp-block-heading\">Instala\u00e7\u00e3o<\/h2>\n\n<p>No interior da sua TentBox Cargo 2.0, encontrar\u00e1 uma escada, um kit de boas-vindas, uma barra de ilumina\u00e7\u00e3o LED, uma caixa de ferramentas e um kit de montagem. Os piquetes est\u00e3o guardados num saco com fecho de correr por baixo do colch\u00e3o. Para a instala\u00e7\u00e3o, apenas necessitar\u00e1 da caixa de ferramentas. Antes de come\u00e7ar, certifique-se de que a sua TentBox est\u00e1 vazia.   <\/p>\n\n<ul class=\"wp-block-list\">\n<li>Abra a caixa de ferramentas. Todos estes elementos s\u00e3o fixados com porcas quadradas e parafusos pequenos. <\/li>\n\n\n\n<li>Ao inserir as porcas quadradas nos rails deslizantes, certifique-se de que o lado arredondado marcado com A2 est\u00e1 virado para a sua TentBox e que o lado plano est\u00e1 virado para si. Deslize as porcas e alinhe-as com a chave hexagonal fornecida. <\/li>\n\n\n\n<li>Pegue na pega na caixa de ferramentas e fixe-a firmemente no meio do rail superior, na parte de tr\u00e1s da sua TentBox, com 2 parafusos e 2 porcas quadradas.<\/li>\n\n\n\n<li>Em seguida, pegue nas duas barras de fixa\u00e7\u00e3o e fixe-as firmemente ao mesmo rail. Se necess\u00e1rio, pode remover as barras de bloqueio para ter um melhor acesso \u00e0s porcas e, em seguida, voltar a fix\u00e1-las. Deixe 20,3 cm de cada lado e utilize 2 porcas quadradas e 2 parafusos para cada uma.  <\/li>\n\n\n\n<li>Em seguida, pegue nas duas fixa\u00e7\u00f5es e instale-as no rail inferior, alinhando-as bem com as barras de fixa\u00e7\u00e3o superiores. Utilize 2 porcas e 2 parafusos para cada fixa\u00e7\u00e3o. <\/li>\n\n\n\n<li>Em seguida, pegue nas bases para piquete e fixe-as no mesmo rail que as fixa\u00e7\u00f5es. Utilize 2 porcas e 2 parafusos para fixar cada base de piquete. Devem ser posicionadas a 7,6 cm de cada extremidade e os orif\u00edcios devem estar orientados para o exterior.  <\/li>\n\n\n\n<li>Por fim, fixe os suportes para a escada. Tem 2 conjuntos de suportes para a escada. Pode entrar na sua TentBox Cargo pelas laterais ou pela parte de tr\u00e1s.  <\/li>\n\n\n\n<li>Escolha 2 portas \u00e0s quais fixar os suportes para a escada. Fixe-os sem apertar demasiado, na parte inferior do rail da porta que escolheu. Rode os suportes de modo a que fiquem orientados para o exterior.  <\/li>\n\n\n\n<li>Coloque a escada para verificar se est\u00e3o corretamente espa\u00e7ados e, em seguida, fixe-a utilizando 2 porcas quadradas e 2 parafusos para cada suporte.<\/li>\n\n\n\n<li>Repita a mesma opera\u00e7\u00e3o na outra porta com os suportes restantes.<\/li>\n<\/ul>\n\n<h2 class=\"wp-block-heading\">Montagem no seu ve\u00edculo<\/h2>\n\n<p><strong>Certifique-se de que aperta bem as fixa\u00e7\u00f5es, para que a sua TentBox fique solidamente fixada \u00e0s suas barras de tejadilho.<\/strong><\/p>\n\n<p>\u00c9 o atrito entre as fixa\u00e7\u00f5es e as suas barras de tejadilho que mant\u00e9m a sua TentBox no lugar. Por isso, certifique-se de que aperta bem as porcas para impedir qualquer movimento. <\/p>\n\n<p>Depois de fixar a sua TentBox, recomendamos que a empurre firmemente em todas as dire\u00e7\u00f5es, especialmente para a frente e para tr\u00e1s, para garantir que nada se move.<\/p>\n\n<ul class=\"wp-block-list\">\n<li>Com a ajuda de, pelo menos, outra pessoa, levante e posicione cuidadosamente a sua TentBox, de forma central, sobre as barras de tejadilho.<\/li>\n\n\n\n<li>Verifique se est\u00e1 bem alinhada e, se o seu ve\u00edculo tiver uma bagageira, se ainda \u00e9 poss\u00edvel abri-la.<\/li>\n\n\n\n<li>\u00c0 l&#8217;aide des fixations fournies, fixez la TentBox \u00e0 vos barres de toit en 4&nbsp;points&nbsp;:\n<ul class=\"wp-block-list\">\n<li>Primeiramente, insira os 8 parafusos do kit de montagem numa calha e fa\u00e7a-os deslizar para o interior dos rails de fixa\u00e7\u00e3o por baixo da sua TentBox.<\/li>\n\n\n\n<li>Posicione-os de forma a que tenha 2 parafusos de cada lado das barras de tejadilho do seu ve\u00edculo, em 4 pontos diferentes.<\/li>\n\n\n\n<li>Em seguida, pegue nas 4 fixa\u00e7\u00f5es em forma de U e aperte-as nos pontos de conex\u00e3o com a chave de aperto e as porcas fornecidas. Aperte at\u00e9 que as fixa\u00e7\u00f5es em U se dobrem ligeiramente. <\/li>\n\n\n\n<li>A TentBox Cargo 2.0 dever\u00e1 ent\u00e3o estar solidamente fixada \u00e0s suas barras de tejadilho.<\/li>\n\n\n\n<li>Insira as tampas de pl\u00e1stico na extremidade dos rails e, em seguida, puxe firmemente a sua TentBox de cada lado para se certificar de que est\u00e1 bem presa.<\/li>\n<\/ul>\n<\/li>\n<\/ul>\n\n<h2 class=\"wp-block-heading\">Reapertar os parafusos das suas barras de tejadilho<\/h2>\n\n<p>Este passo \u00e9 muito importante para garantir que a sua TentBox est\u00e1 solidamente fixada ao seu carro.<strong><\/strong><\/p>\n\n<p>As barras de tejadilho <g id=\"gid_0\">desapertam-se ligeiramente ap\u00f3s terem sido carregadas pela primeira vez<\/g>. Por isso, \u00e9 indispens\u00e1vel <g id=\"gid_1\">reapertar os parafusos<\/g> para garantir a instala\u00e7\u00e3o segura da sua TentBox no seu ve\u00edculo. <\/p>\n\n<p>Aperte novamente as suas barras de tejadilho quando estas suportarem uma carga significativa pela primeira vez, por exemplo, depois de ter dormido uma noite nela.<strong><\/strong><\/p>\n\n<p>Depois de os parafusos terem sido bem reapertados, normalmente permanecem no lugar durante mais tempo. No entanto, \u00e9 importante verific\u00e1-los e reapert\u00e1-los regularmente, como explicado nas nossas <g id=\"gid_0\">recomenda\u00e7\u00f5es para os utilizadores da TentBox<\/g>. <\/p>\n\n<h2 class=\"wp-block-heading\">Utiliza\u00e7\u00e3o da sua TentBox Cargo 2.0<\/h2>\n\n<figure class=\"wp-block-embed is-type-video is-provider-vimeo wp-block-embed-vimeo\"><div class=\"wp-block-embed__wrapper\">\n<iframe loading=\"lazy\" title=\"TentBox Cargo 2.0 | How-To\" src=\"https:\/\/player.vimeo.com\/video\/911564087?dnt=1&amp;app_id=122963\" width=\"584\" height=\"329\" frameborder=\"0\" allow=\"autoplay; fullscreen; picture-in-picture; clipboard-write; encrypted-media; web-share\" referrerpolicy=\"strict-origin-when-cross-origin\"><\/iframe>\n<\/div><\/figure>\n\n<h3 class=\"wp-block-heading\">Abertura da sua TentBox Cargo 2.0<\/h3>\n\n<ul class=\"wp-block-list\">\n<li>Desaperte os fechos de alavanca met\u00e1licos na parte de tr\u00e1s da TentBox e, em seguida, empurre a parte superior da estrutura. Os amortecedores a g\u00e1s far\u00e3o o resto do trabalho. <\/li>\n\n\n\n<li>Esta corda el\u00e1stica mant\u00e9m a lona durante o fecho. Abaixe-a para poder utilizar a sua TentBox. <\/li>\n\n\n\n<li>Pode permanecer na parte inferior da lona ou encaixar nos cantos inferiores da tenda.<\/li>\n\n\n\n<li>Lembre-se de que as suas almofadas, edred\u00f5es ou cobertores podem permanecer no interior da TentBox Cargo 2.0 quando esta est\u00e1 fechada.<\/li>\n<\/ul>\n\n<h3 class=\"wp-block-heading\">Utiliza\u00e7\u00e3o da escada da TentBox Cargo 2.0<\/h3>\n\n<ul class=\"wp-block-list\">\n<li>A escada pode ser guardada no interior da sua TentBox ou na parte de tr\u00e1s do seu ve\u00edculo.<\/li>\n\n\n\n<li>Ligue-a aos suportes e, em seguida, retire as fitas de velcro para a desdobrar.<\/li>\n\n\n\n<li>Desdobre-a a partir do barrote superior, certificando-se de que cada barrote est\u00e1 bem bloqueado antes de desdobrar o seguinte.<\/li>\n\n\n\n<li>Para dobrar a escada, comece a partir da parte inferior e empurre os dois bot\u00f5es pretos para o interior. O barrote superior dobrar-se-\u00e1. Empurre para cima e repita a opera\u00e7\u00e3o at\u00e9 que a escada esteja completamente dobrada. Em seguida, volte a aplicar as fitas de velcro.   <\/li>\n<\/ul>\n\n<p>Como a escada pode desdobrar-se de forma repentina, tenha cuidado para n\u00e3o entalar os dedos.<\/p>\n\n<p>As crian\u00e7as s\u00f3 devem utilizar a escada da sua TentBox sob estrita vigil\u00e2ncia.<\/p>\n\n<p>Certifique-se de que a escada est\u00e1 o mais vertical poss\u00edvel, dependendo da altura do seu ve\u00edculo.<\/p>\n\n<h3 class=\"wp-block-heading\">Utiliza\u00e7\u00e3o dos piquetes da sua TentBox Cargo 2.0<\/h3>\n\n<ul class=\"wp-block-list\">\n<li>Os piquetes est\u00e3o guardados num saco por baixo do colch\u00e3o. Utilize-os para abrir a porta, a fim de criar um terra\u00e7o coberto. <\/li>\n\n\n\n<li>Insira-os primeiro completamente na base. Rode-os de modo a que fiquem orientados para o exterior. <\/li>\n\n\n\n<li>Em seguida, dobre-os para cima, a fim de os inserir nos ilh\u00f3s met\u00e1licos presentes nas portas.<\/li>\n\n\n\n<li>Se n\u00e3o conseguir alcan\u00e7\u00e1-los, tamb\u00e9m pode realizar esta opera\u00e7\u00e3o a partir do interior da sua TentBox.<\/li>\n\n\n\n<li>O toldo tamb\u00e9m pode ser completamente removido para passar para o modo de ver\u00e3o. Para tal, desaperte os fechos de correr na lateral e na parte superior. <\/li>\n\n\n\n<li>A sua TentBox permanece imperme\u00e1vel, mas j\u00e1 n\u00e3o poder\u00e1 abrir a porta traseira em caso de chuva.<\/li>\n<\/ul>\n\n<p>Certifique-se de que instala primeiro os esticadores na sua base, antes de os dobrar para cima para os inserir nos ilh\u00f3s.<\/p>\n\n<p>Aten\u00e7\u00e3o: coloque-se de lado ao instalar os esticadores, para que estes n\u00e3o sejam projetados sobre si se n\u00e3o conseguir inseri-los num dos ilh\u00f3s met\u00e1licos.<\/p>\n\n<h3 class=\"wp-block-heading\">Utiliza\u00e7\u00e3o da sua barra de ilumina\u00e7\u00e3o LED<\/h3>\n\n<ul class=\"wp-block-list\">\n<li>A barra de ilumina\u00e7\u00e3o fornecida com a sua TentBox pode ser inserida nos engates previstos para o efeito. Pode ent\u00e3o faz\u00ea-la girar para modificar o \u00e2ngulo de ilumina\u00e7\u00e3o. <\/li>\n\n\n\n<li>Prima o bot\u00e3o na extremidade da barra para percorrer os diversos modos de ilumina\u00e7\u00e3o e mantenha o bot\u00e3o premido para ajustar o brilho.<\/li>\n\n\n\n<li>A barra de ilumina\u00e7\u00e3o tamb\u00e9m pode carregar o seu telefone. Lembre-se apenas de a carregar completamente antes de partir para TentBoxing. <\/li>\n\n\n\n<li>Tamb\u00e9m \u00e9 magnetizada, a fim de poder iluminar toda a sua instala\u00e7\u00e3o, fixando-a ao seu ve\u00edculo.<\/li>\n<\/ul>\n\n<h3 class=\"wp-block-heading\">Evitar a condensa\u00e7\u00e3o<\/h3>\n\n<ul class=\"wp-block-list\">\n<li>Tal como em todos os espa\u00e7os fechados, pode haver condensa\u00e7\u00e3o.<\/li>\n\n\n\n<li>Isto pode variar em fun\u00e7\u00e3o do n\u00famero de pessoas presentes na TentBox, bem como da temperatura exterior e da taxa de humidade ambiente.<\/li>\n\n\n\n<li>Uma boa ventila\u00e7\u00e3o \u00e9 a melhor forma de evitar a condensa\u00e7\u00e3o.<\/li>\n\n\n\n<li>A Cargo j\u00e1 disp\u00f5e de um sistema de ventila\u00e7\u00e3o no seu tecido e na sua base. Para ventilar ainda mais, tamb\u00e9m pode entreabrir as janelas laterais. <\/li>\n<\/ul>\n\n<h3 class=\"wp-block-heading\">Fecho da TentBox Cargo 2.0<\/h3>\n\n<p>Quando fechar a sua TentBox, tente eliminar qualquer vest\u00edgio de \u00e1gua presente na tela. Para tal, bata na tela para retirar a \u00e1gua e deixe as janelas abertas durante 5 a 10 minutos antes de fechar a sua TentBox. <\/p>\n\n<p>Se estiver a chover e tiver de partir, pode fech\u00e1-la, mesmo molhada. Lembre-se apenas de a reabrir no prazo de 24 horas, a fim de evitar qualquer bolor. <\/p>\n\n<p>Certifique-se de que a tela est\u00e1 totalmente seca antes de fechar a sua tenda por mais de 24 horas.<\/p>\n\n<ul class=\"wp-block-list\">\n<li>A fim de facilitar o fecho, permitindo que o ar escape, abra ligeiramente as duas janelas em cada extremidade.<\/li>\n\n\n\n<li>Volte a colocar o el\u00e1stico no lugar para manter a lona no lugar.<\/li>\n\n\n\n<li>Dobre a escada e guarde-a no interior da sua TentBox ou na bagageira do seu carro.<\/li>\n\n\n\n<li>Feche a TentBox puxando a pega de fecho.<\/li>\n\n\n\n<li>D\u00ea a volta \u00e0 sua TentBox para se certificar de que toda a lona est\u00e1 bem no interior da estrutura.<\/li>\n\n\n\n<li>Depois de feito, pode fechar completamente os fechos de alavanca de cada lado.<\/li>\n<\/ul>\n\n<h2 class=\"wp-block-heading\">Armazenamento e manuten\u00e7\u00e3o<\/h2>\n\n<p>Recomendamos que deixe a sua TentBox montada durante todo o ano no seu ve\u00edculo, a fim de poder partir \u00e0 aventura assim que o desejar. Se preferir desmont\u00e1-la, guarde-a de lado e lembre-se apenas de colocar algo no ch\u00e3o, a fim de proteger a cobertura. <\/p>\n\n<p>Quando a fechar por mais de 24 horas, certifique-se de que est\u00e1 totalmente seca. Recomendamos tamb\u00e9m que a limpe uma vez por ano com \u00e1gua quente e, em seguida, que a volte a impermeabilizar com um impermeabilizante para tendas standard. <\/p>\n","protected":false},"excerpt":{"rendered":"<p>Guia de instala\u00e7\u00e3o da TentBox Cargo 2.0 Resumo Como configurar, instalar e utilizar a sua TentBox Cargo 2.0. Antes de poder montar a sua TentBox Cargo no seu ve\u00edculo, deve primeiro fixar alguns elementos. Estes devem ser instalados no rail &hellip; <a href=\"https:\/\/www.blog.campedia.fr\/pt-pt\/cargo-2-0\/\">Continuar a ler <span class=\"meta-nav\">&rarr;<\/span><\/a><\/p>\n","protected":false},"author":1,"featured_media":0,"parent":0,"menu_order":0,"comment_status":"closed","ping_status":"closed","template":"","meta":{"footnotes":""},"class_list":["post-108","page","type-page","status-publish","hentry"],"_links":{"self":[{"href":"https:\/\/www.blog.campedia.fr\/pt-pt\/wp-json\/wp\/v2\/pages\/108","targetHints":{"allow":["GET"]}}],"collection":[{"href":"https:\/\/www.blog.campedia.fr\/pt-pt\/wp-json\/wp\/v2\/pages"}],"about":[{"href":"https:\/\/www.blog.campedia.fr\/pt-pt\/wp-json\/wp\/v2\/types\/page"}],"author":[{"embeddable":true,"href":"https:\/\/www.blog.campedia.fr\/pt-pt\/wp-json\/wp\/v2\/users\/1"}],"replies":[{"embeddable":true,"href":"https:\/\/www.blog.campedia.fr\/pt-pt\/wp-json\/wp\/v2\/comments?post=108"}],"version-history":[{"count":3,"href":"https:\/\/www.blog.campedia.fr\/pt-pt\/wp-json\/wp\/v2\/pages\/108\/revisions"}],"predecessor-version":[{"id":462,"href":"https:\/\/www.blog.campedia.fr\/pt-pt\/wp-json\/wp\/v2\/pages\/108\/revisions\/462"}],"wp:attachment":[{"href":"https:\/\/www.blog.campedia.fr\/pt-pt\/wp-json\/wp\/v2\/media?parent=108"}],"curies":[{"name":"wp","href":"https:\/\/api.w.org\/{rel}","templated":true}]}}