{"id":268,"date":"2026-01-28T12:39:41","date_gmt":"2026-01-28T12:39:41","guid":{"rendered":"https:\/\/www.blog.campedia.fr\/guida-allinstallazione-del-tettuccio-per-tentbox-cargo-2-0\/"},"modified":"2026-01-28T14:23:33","modified_gmt":"2026-01-28T14:23:33","slug":"guida-allinstallazione-del-tettuccio-per-tentbox-cargo-2-0","status":"publish","type":"page","link":"https:\/\/www.blog.campedia.fr\/it\/guida-allinstallazione-del-tettuccio-per-tentbox-cargo-2-0\/","title":{"rendered":"Guida all&#8217;installazione del tettuccio per Tentbox Cargo 2.0"},"content":{"rendered":"\n<h1 class=\"wp-block-heading\"><\/h1>\n\n<h2 class=\"wp-block-heading\"><strong>Introduzione<\/strong><\/h2>\n\n<p>Il Living Pod \u00e8 progettato per essere agganciato ordinatamente alla sua TentBox Cargo 2.0, offrendo un riparo supplementare dalla pioggia e dal sole. Pu\u00f2 anche essere impostato in &#8216;modalit\u00e0 ala&#8217; per ottenere un&#8217;area riparata pi\u00f9 ampia.   <\/p>\n\n<figure class=\"wp-block-embed is-type-video is-provider-vimeo wp-block-embed-vimeo\"><div class=\"wp-block-embed__wrapper\">\n<iframe loading=\"lazy\" title=\"How-to - Install Cargo Living Pod\" src=\"https:\/\/player.vimeo.com\/video\/1023294788?dnt=1&amp;app_id=122963\" width=\"584\" height=\"329\" frameborder=\"0\" allow=\"autoplay; fullscreen; picture-in-picture; clipboard-write; encrypted-media; web-share\" referrerpolicy=\"strict-origin-when-cross-origin\"><\/iframe>\n<\/div><\/figure>\n\n<p><strong>Cosa \u00e8 incluso<\/strong><\/p>\n\n<ol class=\"wp-block-list\">\n<li><strong>Pod abitativo<\/strong> (in tre sezioni: pannello superiore, pannello posteriore e tenda abitativa principale)<\/li>\n\n\n\n<li><strong>Bastoni da campeggio<\/strong> (tre lunghezze diverse)<\/li>\n\n\n\n<li><strong>Pali telescopici<\/strong><\/li>\n\n\n\n<li><strong>Borsa della ferramenta<\/strong> (con dadi a canale e viti a testa zigrinata)<\/li>\n\n\n\n<li><strong>Piastra del pavimento<\/strong><\/li>\n<\/ol>\n\n<figure class=\"wp-block-image\"><img decoding=\"async\" src=\"https:\/\/cdn.shopify.com\/s\/files\/1\/0629\/6440\/0317\/files\/Cargo2-Living-Pod-How-To-1b_1024x1024.jpg?v=1720187204\" alt=\"Cargo 2.0 Living Pod - Cosa include\"\/><\/figure>\n\n<h2 class=\"wp-block-heading\"><strong>Istruzioni passo per passo<\/strong><\/h2>\n\n<p><strong>1. Installazione del pannello posteriore<\/strong><\/p>\n\n<ul class=\"wp-block-list\">\n<li>Identifichi il bordo superiore con le linguette del pannello di tessuto pi\u00f9 piccolo.<\/li>\n\n\n\n<li>Si assicuri che le linguette siano rivolte verso l&#8217;esterno della vettura, in modo da essere accessibili dall&#8217;interno della capsula.<\/li>\n\n\n\n<li>Faccia scorrere la parte superiore del materiale attraverso il canale sotto il TentBox e dietro la scala.<\/li>\n<\/ul>\n\n<figure class=\"wp-block-table\"><table class=\"has-fixed-layout\"><tbody><tr><td> <img decoding=\"async\" alt=\"\" src=\"https:\/\/cdn.shopify.com\/s\/files\/1\/0629\/6440\/0317\/files\/Cargo2-Living-Pod-How-To-20-comp_480x480.jpg?v=1720195386\"\/><\/td><td><img decoding=\"async\" alt=\"\" src=\"https:\/\/cdn.shopify.com\/s\/files\/1\/0629\/6440\/0317\/files\/Cargo2-Living-Pod-How-To-21-comp_480x480.jpg?v=1720195405\"\/><\/td><\/tr><\/tbody><\/table><\/figure>\n\n<p><strong>2. Installazione della parte superiore<\/strong><\/p>\n\n<ul class=\"wp-block-list\">\n<li>Identifichi i ganci di fissaggio nella parte superiore del tessuto.<\/li>\n\n\n\n<li>Con la TentBox chiusa, agganciali sotto gli anelli distanziati.<\/li>\n\n\n\n<li>Inizi a sinistra e si fermi quando raggiunge il serbatoio del carburante.<\/li>\n\n\n\n<li>Attacchi l&#8217;angolo sinistro della sezione superiore alla scanalatura a T del guscio superiore.<\/li>\n\n\n\n<li>Fissi gli angoli superiori utilizzando i dadi a canale e le viti a testa zigrinata della borsa della ferramenta:\n<ul class=\"wp-block-list\">\n<li>Faccia scorrere il dado nella barra degli accessori, lo allinei con l&#8217;occhiello nel tessuto d&#8217;angolo e lo avviti saldamente in posizione. Faccia lo stesso su entrambi i lati. <\/li>\n\n\n\n<li>Tenda il tessuto lungo la barra degli accessori e stringa le viti a testa zigrinata.  <\/li>\n<\/ul>\n<\/li>\n\n\n\n<li>Sollevando leggermente il TentBox, finisca di inserire i ganci nei passanti sul lato destro della gamba del gas.<\/li>\n\n\n\n<li>A questo punto pu\u00f2 sollevare completamente il TentBox e collegare il bordo posteriore della sezione superiore al parapioggia Cargo. Utilizzi il velcro per fissare il tutto. <\/li>\n<\/ul>\n\n<figure class=\"wp-block-table\"><table class=\"has-fixed-layout\"><tbody><tr><td><img decoding=\"async\" src=\"https:\/\/cdn.shopify.com\/s\/files\/1\/0629\/6440\/0317\/files\/Cargo2-Living-Pod-How-To-2-comp_480x480.jpg?v=1720194694\" alt=\"\"\/><\/td><td><img decoding=\"async\" alt=\"\" src=\"https:\/\/cdn.shopify.com\/s\/files\/1\/0629\/6440\/0317\/files\/Cargo2-Living-Pod-How-To-3-comp_480x480.jpg?v=1720194693\"\/><\/td><td><img decoding=\"async\" alt=\"\" src=\"https:\/\/cdn.shopify.com\/s\/files\/1\/0629\/6440\/0317\/files\/Cargo2-Living-Pod-How-To-4-comp_480x480.jpg?v=1720194693\"\/><\/td><\/tr><tr><td><img decoding=\"async\" alt=\"\" src=\"https:\/\/cdn.shopify.com\/s\/files\/1\/0629\/6440\/0317\/files\/Cargo2-Living-Pod-How-To-8-comp_480x480.jpg?v=1720194983\"\/><\/td><td><img decoding=\"async\" alt=\"\" src=\"https:\/\/cdn.shopify.com\/s\/files\/1\/0629\/6440\/0317\/files\/Cargo2-Living-Pod-How-To-10-comp_480x480.jpg?v=1720195018\"\/><\/td><td><img decoding=\"async\" alt=\"\" src=\"https:\/\/cdn.shopify.com\/s\/files\/1\/0629\/6440\/0317\/files\/Cargo2-Living-Pod-How-To-15-comp_480x480.jpg?v=1720195165\"\/><\/td><\/tr><\/tbody><\/table><\/figure>\n\n<p><strong>3. Installazione di paletti da campeggio<\/strong><\/p>\n\n<ul class=\"wp-block-list\">\n<li>Cominci ad inserire le staffe per pali ad entrambe le estremit\u00e0 del canale a T superiore alla base della tenda.<\/li>\n\n\n\n<li>Li stringa saldamente, assicurandosi che la parte sporgente si trovi all&#8217;esterno e si adatti all&#8217;estremit\u00e0 della guida degli accessori.<\/li>\n\n\n\n<li>Ci sono tre diverse lunghezze di palo. Inizi con il palo di medie dimensioni, facendolo scivolare nella tasca in fondo al pannello centrale, sotto la finestra. <\/li>\n\n\n\n<li>Il palo pi\u00f9 lungo si inserisce nel pannello anteriore e quello pi\u00f9 corto nel pannello posteriore del TentBox.<\/li>\n\n\n\n<li>Inserisca i pali nelle staffe per fissarli.<\/li>\n<\/ul>\n\n<figure class=\"wp-block-table\"><table class=\"has-fixed-layout\"><tbody><tr><td><img decoding=\"async\" src=\"https:\/\/cdn.shopify.com\/s\/files\/1\/0629\/6440\/0317\/files\/Cargo2-Living-Pod-How-To-17-comp_480x480.jpg?v=1720195284\" alt=\"\"\/><\/td><td><\/td><td><img decoding=\"async\" src=\"https:\/\/cdn.shopify.com\/s\/files\/1\/0629\/6440\/0317\/files\/Cargo2-Living-Pod-How-To-18-comp_480x480.jpg?v=1720195320\" alt=\"\"\/><\/td><\/tr><\/tbody><\/table><\/figure>\n\n<p><strong>4. Colleghi la tenda principale<\/strong><\/p>\n\n<ul class=\"wp-block-list\">\n<li>Colleghi la sezione principale del Living Pod alla sezione superiore con il velcro e inizi con il pannello centrale. Si assicuri che il velcro si avvolga sopra e sotto i pali. <\/li>\n\n\n\n<li>Fissi l&#8217;angolo sinistro alle scanalature a T inferiori della base di TentBox, utilizzando i dadi a canale e le viti a testa zigrinata.<\/li>\n\n\n\n<li>Allunghi la copertura per assicurarsi che sia ben tesa e sicura, quindi ripeta lo stesso processo nell&#8217;angolo destro.<\/li>\n\n\n\n<li>Una volta fatto questo, chiuda ogni lato in posizione.<\/li>\n<\/ul>\n\n<figure class=\"wp-block-table\"><table class=\"has-fixed-layout\"><tbody><tr><td> <img decoding=\"async\" src=\"https:\/\/cdn.shopify.com\/s\/files\/1\/0629\/6440\/0317\/files\/Cargo2-Living-Pod-How-To-28-comp_480x480.jpg?v=1720195736\" alt=\"\"\/><\/td><td><img decoding=\"async\" src=\"https:\/\/cdn.shopify.com\/s\/files\/1\/0629\/6440\/0317\/files\/Cargo2-Living-Pod-How-To-30-comp_480x480.jpg?v=1720195758\" alt=\"\"\/><\/td><\/tr><\/tbody><\/table><\/figure>\n\n<p><\/p>\n\n<p><strong>5. Cavi e picchetti di fissaggio<\/strong><\/p>\n\n<ul class=\"wp-block-list\">\n<li>Fissi le sartie ai punti di fissaggio, se non sono gi\u00e0 state fissate.<\/li>\n\n\n\n<li>Tiri la fune portante dall&#8217;angolo sotto il lato sinistro della finestra e la fissi ad un angolo di 60 gradi.<\/li>\n\n\n\n<li>Ripetere l&#8217;operazione sul lato destro della finestra.<\/li>\n\n\n\n<li>Crei tensione nel tessuto Living Pod e lo fissi, iniziando con le due fasce anteriori, poi con quelle laterali.<\/li>\n\n\n\n<li>Apra la cerniera e apra la porta laterale, sollevando il pannello esterno e la griglia interna e togliendoli di mezzo.<\/li>\n\n\n\n<li>Appoggi la piastra di base, assicurandosi che sia piatta, con il pannello posteriore in cima. La fissi attraverso gli occhielli intorno all&#8217;intera area del Living Pod. <\/li>\n\n\n\n<li>Regoli la tensione con le cinghie regolabili per assicurarsi che i lati siano tesi.<\/li>\n<\/ul>\n\n<figure class=\"wp-block-table\"><table class=\"has-fixed-layout\"><tbody><tr><td> <img decoding=\"async\" alt=\"\" src=\"https:\/\/cdn.shopify.com\/s\/files\/1\/0629\/6440\/0317\/files\/Cargo2-Living-Pod-How-To-32-comp_480x480.jpg?v=1720195809\"\/><\/td><td><img decoding=\"async\" src=\"https:\/\/cdn.shopify.com\/s\/files\/1\/0629\/6440\/0317\/files\/Cargo2-Living-Pod-How-To-34-comp_480x480.jpg?v=1720195827\" alt=\"\"\/><\/td><td><img decoding=\"async\" src=\"https:\/\/cdn.shopify.com\/s\/files\/1\/0629\/6440\/0317\/files\/Cargo2-Living-Pod-How-To-37-comp_480x480.jpg?v=1720195857\" alt=\"\"\/><\/td><td><\/td><\/tr><\/tbody><\/table><\/figure>\n\n<p><strong>6. Impostazione della modalit\u00e0 ala<\/strong><\/p>\n\n<ul class=\"wp-block-list\">\n<li>Apra i lati del pannello frontale per passare alla modalit\u00e0 ala.<\/li>\n\n\n\n<li>Estenda i pali telescopici all&#8217;altezza desiderata, li inserisca attraverso gli occhielli del pannello frontale e li fissi con fili e tasselli.<\/li>\n<\/ul>\n\n<figure class=\"wp-block-image\"><img decoding=\"async\" src=\"https:\/\/cdn.shopify.com\/s\/files\/1\/0629\/6440\/0317\/files\/Cargo2-Living-Pod-How-To-48-comp_1024x1024.jpg?v=1720195971\" alt=\"Cargo 2.0 Living Pod in modalit&#xE0; Ala\"\/><\/figure>\n\n<h2 class=\"wp-block-heading\"><strong>Verifica finale<\/strong><\/h2>\n\n<ul class=\"wp-block-list\">\n<li>Si assicuri che tutte le sezioni siano fissate saldamente e che non ci siano allentamenti nel tessuto.<\/li>\n\n\n\n<li>Effettui le regolazioni finali della tensione delle sartie e del tessuto.<\/li>\n<\/ul>\n\n<h2 class=\"wp-block-heading\"><strong>Consigli<\/strong><\/h2>\n\n<ul class=\"wp-block-list\">\n<li>Per un&#8217;installazione stabile, si assicuri che i pali telescopici siano dritti.<\/li>\n\n\n\n<li>Quanto pi\u00f9 strette sono le corde impermeabili, tanto pi\u00f9 stabile sar\u00e0 la sua Living Pod.<\/li>\n<\/ul>\n","protected":false},"excerpt":{"rendered":"<p>Introduzione Il Living Pod \u00e8 progettato per essere agganciato ordinatamente alla sua TentBox Cargo 2.0, offrendo un riparo supplementare dalla pioggia e dal sole. Pu\u00f2 anche essere impostato in &#8216;modalit\u00e0 ala&#8217; per ottenere un&#8217;area riparata pi\u00f9 ampia. Cosa \u00e8 incluso &hellip; <a href=\"https:\/\/www.blog.campedia.fr\/it\/guida-allinstallazione-del-tettuccio-per-tentbox-cargo-2-0\/\">Continua a leggere<span class=\"meta-nav\">&rarr;<\/span><\/a><\/p>\n","protected":false},"author":1,"featured_media":0,"parent":0,"menu_order":0,"comment_status":"closed","ping_status":"closed","template":"","meta":{"footnotes":""},"class_list":["post-268","page","type-page","status-publish","hentry"],"_links":{"self":[{"href":"https:\/\/www.blog.campedia.fr\/it\/wp-json\/wp\/v2\/pages\/268","targetHints":{"allow":["GET"]}}],"collection":[{"href":"https:\/\/www.blog.campedia.fr\/it\/wp-json\/wp\/v2\/pages"}],"about":[{"href":"https:\/\/www.blog.campedia.fr\/it\/wp-json\/wp\/v2\/types\/page"}],"author":[{"embeddable":true,"href":"https:\/\/www.blog.campedia.fr\/it\/wp-json\/wp\/v2\/users\/1"}],"replies":[{"embeddable":true,"href":"https:\/\/www.blog.campedia.fr\/it\/wp-json\/wp\/v2\/comments?post=268"}],"version-history":[{"count":1,"href":"https:\/\/www.blog.campedia.fr\/it\/wp-json\/wp\/v2\/pages\/268\/revisions"}],"predecessor-version":[{"id":269,"href":"https:\/\/www.blog.campedia.fr\/it\/wp-json\/wp\/v2\/pages\/268\/revisions\/269"}],"wp:attachment":[{"href":"https:\/\/www.blog.campedia.fr\/it\/wp-json\/wp\/v2\/media?parent=268"}],"curies":[{"name":"wp","href":"https:\/\/api.w.org\/{rel}","templated":true}]}}