{"id":106,"date":"2026-01-28T09:00:37","date_gmt":"2026-01-28T09:00:37","guid":{"rendered":"https:\/\/www.blog.campedia.fr\/cargo-2-0\/"},"modified":"2026-01-29T14:07:28","modified_gmt":"2026-01-29T14:07:28","slug":"cargo-2-0","status":"publish","type":"page","link":"https:\/\/www.blog.campedia.fr\/it\/cargo-2-0\/","title":{"rendered":"Tenda da tetto Cargo 2.0"},"content":{"rendered":"\n<h1 class=\"wp-block-heading\">Guida all&#8217;installazione della TentBox Cargo 2.0<\/h1>\n\n<h2 class=\"wp-block-heading\">Riepilogo<\/h2>\n\n<p>Come configurare, installare e utilizzare la tua TentBox Cargo 2.0.<\/p>\n\n<ul class=\"wp-block-list\">\n<li>Linee guida per l&#8217;uso di TentBox<\/li>\n\n\n\n<li>Disimballaggio<\/li>\n\n\n\n<li>Installazione<\/li>\n\n\n\n<li>Montaggio sul veicolo<\/li>\n\n\n\n<li>Serrare nuovamente le barre portatutto<\/li>\n\n\n\n<li>Guida video \u2013 manuale d&#8217;uso<\/li>\n\n\n\n<li>Utilizzo della tua TentBox<\/li>\n\n\n\n<li>Conservazione e manutenzione<\/li>\n<\/ul>\n\n<p>Prima di poter montare la tua TentBox Cargo sul tuo veicolo, devi prima fissarvi alcuni elementi. Questi devono essere installati sul binario per accessori tutt&#8217;intorno alla tua TentBox. Questo articolo spiega in dettaglio come fare.  <\/p>\n\n<h2 class=\"wp-block-heading\">Raccomandazioni per gli utenti TentBox<\/h2>\n\n<p>Segui sempre le nostre raccomandazioni per gli utenti TentBox durante la scelta, l&#8217;installazione e l&#8217;utilizzo della tua TentBox e delle tue barre portatutto.<\/p>\n\n<p><strong>Non installi o utilizzi TentBox se ha dubbi su queste istruzioni.<\/strong><\/p>\n\n<h2 class=\"wp-block-heading\">Disimballaggio<\/h2>\n\n<p>Disimballa la tua TentBox con cautela, soprattutto in presenza di bambini. \u00c8 un prodotto pesante e voluminoso, contenente parti e meccanismi che possono essere pericolosi. <\/p>\n\n<p>Alla prima apertura della tua TentBox, verifica attentamente che non siano presenti piccole schegge metalliche legate alla produzione. Anche se le puliamo prima di imballare le TentBox, pu\u00f2 capitare che alcune schegge metalliche cadano durante il trasporto.  Assicurati di controllare bene e di usare un aspirapolvere per assicurarti che non rimanga alcuna scheggia metallica.<\/p>\n\n<h2 class=\"wp-block-heading\">Installazione<\/h2>\n\n<p>All&#8217;interno della tua TentBox Cargo 2.0 troverai una scala, un kit di benvenuto, una barra luminosa a LED, una scatola degli attrezzi e un kit di montaggio. I picchetti sono riposti in una borsa con cerniera sotto il materasso. Per l&#8217;installazione, avrai bisogno solo della scatola degli attrezzi. Prima di iniziare, assicurati per\u00f2 che la tua TentBox sia vuota.   <\/p>\n\n<ul class=\"wp-block-list\">\n<li>Apri la scatola degli attrezzi. Tutti questi elementi sono fissati con dadi quadri e piccole viti. <\/li>\n\n\n\n<li>Quando inserisci i dadi quadri nei binari scorrevoli, assicurati che il lato arrotondato contrassegnato A2 sia rivolto verso la tua TentBox e che il lato piatto sia rivolto verso di te. Fai scorrere i dadi e allineali usando la chiave esagonale in dotazione. <\/li>\n\n\n\n<li>Prendi la maniglia dalla scatola degli attrezzi e fissala saldamente al centro del binario superiore, nella parte posteriore della tua TentBox, usando 2 viti e 2 dadi quadri.<\/li>\n\n\n\n<li>Prendi poi le due barre di fissaggio e fissale saldamente allo stesso binario. Se necessario, puoi rimuovere le barre di bloccaggio per avere un migliore accesso ai dadi, e poi riattaccarle. Lascia 20,3 cm per lato e usa 2 dadi quadri e 2 viti per ciascuna.  <\/li>\n\n\n\n<li>Prendi poi i due attacchi e installali sul binario inferiore, allineandoli bene con le barre di fissaggio superiori. Usa 2 dadi e 2 viti per ogni attacco. <\/li>\n\n\n\n<li>Prendi poi le basi per i picchetti e fissale sullo stesso binario dei fissaggi. Usa 2 dadi e 2 viti per fissare ogni base del picchetto. Devono essere posizionati a 7,6 cm da ogni bordo e i fori devono essere orientati verso l&#8217;esterno.  <\/li>\n\n\n\n<li>Infine, fissa i supporti per la scala. Hai a disposizione 2 set di supporti per la scala. Puoi entrare nella tua TentBox Cargo sia dai lati che dalla parte posteriore.  <\/li>\n\n\n\n<li>Scegli 2 porte alle quali fissare i supporti per la scala. Fissali senza stringere troppo, nella parte inferiore del binario della porta che hai scelto. Ruota i supporti in modo che siano orientati verso l&#8217;esterno.  <\/li>\n\n\n\n<li>Posiziona la scala per verificare che siano correttamente distanziati, quindi fissala usando 2 dadi quadri e 2 viti per ogni supporto.<\/li>\n\n\n\n<li>Ripeti la stessa operazione sull&#8217;altra porta con i supporti rimanenti.<\/li>\n<\/ul>\n\n<h2 class=\"wp-block-heading\">Montaggio sul veicolo<\/h2>\n\n<p><strong>Assicurati di stringere bene i fissaggi, in modo che la tua TentBox sia saldamente attaccata alle tue barre portatutto.<\/strong><\/p>\n\n<p>\u00c8 l&#8217;attrito tra i fissaggi e le tue barre portatutto che mantiene la tua TentBox in posizione. Assicurati quindi di stringere bene i dadi per impedire qualsiasi movimento. <\/p>\n\n<p>Una volta fissata la tua TentBox, ti raccomandiamo di spingerla saldamente in tutte le direzioni, in particolare avanti e indietro, per assicurarti che nulla si muova.<\/p>\n\n<ul class=\"wp-block-list\">\n<li>Con l&#8217;aiuto di almeno un&#8217;altra persona, solleva e posiziona con cautela la tua TentBox, in modo centrale, sulle barre portatutto.<\/li>\n\n\n\n<li>Verifica che sia ben allineata e, se il tuo veicolo \u00e8 dotato di un bagagliaio, che sia ancora possibile aprirlo.<\/li>\n\n\n\n<li>\u00c0 l&#8217;aide des fixations fournies, fixez la TentBox \u00e0 vos barres de toit en 4&nbsp;points&nbsp;:\n<ul class=\"wp-block-list\">\n<li>Innanzitutto, inserisci le 8 viti del kit di montaggio in una guida e falle scorrere all&#8217;interno dei binari di fissaggio sotto la tua TentBox.<\/li>\n\n\n\n<li>Posizionale in modo da avere 2 viti su ciascun lato delle barre portatutto del tuo veicolo, in 4 punti diversi.<\/li>\n\n\n\n<li>Prendi quindi i 4 fissaggi a U e serrali ai punti di connessione usando la chiave di serraggio e i dadi forniti. Stringi fino a quando i fissaggi a U non si piegano leggermente. <\/li>\n\n\n\n<li>La TentBox Cargo 2.0 dovrebbe quindi essere saldamente fissata alle tue barre portatutto.<\/li>\n\n\n\n<li>Inserisci i cappucci in plastica all&#8217;estremit\u00e0 dei binari, quindi tira saldamente la tua TentBox da ogni lato per assicurarti che sia ben salda.<\/li>\n<\/ul>\n<\/li>\n<\/ul>\n\n<h2 class=\"wp-block-heading\">Ristringere le viti delle tue barre portatutto<\/h2>\n\n<p>Questo passaggio \u00e8 molto importante per assicurarsi che la tua TentBox sia saldamente fissata alla tua auto.<strong><\/strong><\/p>\n\n<p>Le barre portatutto si <g id=\"gid_0\">allentano leggermente dopo essere state caricate per la prima volta<\/g>. \u00c8 quindi indispensabile <g id=\"gid_1\">ristringere le viti<\/g> per assicurare l&#8217;installazione della tua TentBox sul veicolo. <\/p>\n\n<p>Serra nuovamente le barre portatutto quando queste hanno sostenuto un carico significativo per la prima volta, ad esempio dopo averci dormito una notte.<strong><\/strong><\/p>\n\n<p>Una volta che le viti sono state ben ristrette, rimangono normalmente in posizione pi\u00f9 a lungo. Tuttavia, \u00e8 importante controllarle e ristringerle regolarmente, come spiegato nelle nostre <g id=\"gid_0\">raccomandazioni per gli utenti TentBox<\/g>. <\/p>\n\n<h2 class=\"wp-block-heading\">Utilizzo della tua TentBox Cargo 2.0<\/h2>\n\n<figure class=\"wp-block-embed is-type-video is-provider-vimeo wp-block-embed-vimeo\"><div class=\"wp-block-embed__wrapper\">\n<iframe loading=\"lazy\" title=\"TentBox Cargo 2.0 | How-To\" src=\"https:\/\/player.vimeo.com\/video\/911564087?dnt=1&amp;app_id=122963\" width=\"584\" height=\"329\" frameborder=\"0\" allow=\"autoplay; fullscreen; picture-in-picture; clipboard-write; encrypted-media; web-share\" referrerpolicy=\"strict-origin-when-cross-origin\"><\/iframe>\n<\/div><\/figure>\n\n<h3 class=\"wp-block-heading\">Apertura della tua TentBox Cargo 2.0<\/h3>\n\n<ul class=\"wp-block-list\">\n<li>Sgancia le chiusure a leva metalliche nella parte posteriore della TentBox, quindi spingi la parte superiore della scocca. I pistoni a gas faranno il resto del lavoro. <\/li>\n\n\n\n<li>Questa corda elastica tiene ferma la tela durante la chiusura. Abbassala per poter usare la tua TentBox. <\/li>\n\n\n\n<li>Pu\u00f2 rimanere in fondo alla tela o incastrarsi negli angoli inferiori della tenda.<\/li>\n\n\n\n<li>Ricorda che i tuoi cuscini, piumini o sacchi a pelo possono rimanere all&#8217;interno della TentBox Cargo 2.0 quando \u00e8 chiusa.<\/li>\n<\/ul>\n\n<h3 class=\"wp-block-heading\">Utilizzo della scala della TentBox Cargo 2.0<\/h3>\n\n<ul class=\"wp-block-list\">\n<li>La scala pu\u00f2 essere riposta all&#8217;interno della tua TentBox, oppure nella parte posteriore del tuo veicolo.<\/li>\n\n\n\n<li>Collegala ai supporti, quindi rimuovi le fasce in velcro per aprirla.<\/li>\n\n\n\n<li>Aprirla partendo dal piolo superiore, assicurandoti che ogni piolo sia ben bloccato prima di estendere il successivo.<\/li>\n\n\n\n<li>Per ripiegare la scala, inizia dal basso e spingi i due pulsanti neri verso l&#8217;interno. Il piolo superiore si piegher\u00e0. Spingi verso l&#8217;alto e ripeti l&#8217;operazione finch\u00e9 la scala non sar\u00e0 completamente ripiegata. Riapplica quindi le fasce in velcro.   <\/li>\n<\/ul>\n\n<p>Poich\u00e9 la scala pu\u00f2 aprirsi improvvisamente, fai attenzione a non schiacciarti le dita.<\/p>\n\n<p>I bambini devono utilizzare la scala della tua TentBox solo sotto stretta sorveglianza.<\/p>\n\n<p>Assicurati che la scala sia il pi\u00f9 verticale possibile, in base all&#8217;altezza del tuo veicolo.<\/p>\n\n<h3 class=\"wp-block-heading\">Utilizzo dei picchetti della tua TentBox Cargo 2.0<\/h3>\n\n<ul class=\"wp-block-list\">\n<li>I picchetti sono riposti in una borsa sotto il materasso. Usali per aprire la porta e creare una terrazza coperta. <\/li>\n\n\n\n<li>Inseriscili prima completamente nella base. Ruotali in modo che siano orientati verso l&#8217;esterno. <\/li>\n\n\n\n<li>Piegali quindi verso l&#8217;alto per inserirli negli occhielli metallici presenti sulle porte.<\/li>\n\n\n\n<li>Se non riesci a raggiungerli, puoi anche eseguire questa operazione dall&#8217;interno della tua TentBox.<\/li>\n\n\n\n<li>La tenda parasole pu\u00f2 anche essere completamente rimossa per passare alla modalit\u00e0 estiva. Per farlo, sgancia le cerniere sul lato e sulla parte superiore. <\/li>\n\n\n\n<li>La tua TentBox rimane impermeabile, ma non potrai pi\u00f9 aprire la porta posteriore in caso di pioggia.<\/li>\n<\/ul>\n\n<p>Assicurati di installare prima i picchetti alla loro base, prima di piegarli verso l&#8217;alto per inserirli negli occhielli.<\/p>\n\n<p>Attenzione: mettiti di lato durante l&#8217;installazione dei picchetti, in modo che non ti vengano proiettati addosso se non riesci a inserirli in uno degli occhielli metallici.<\/p>\n\n<h3 class=\"wp-block-heading\">Utilizzo della tua barra luminosa a LED<\/h3>\n\n<ul class=\"wp-block-list\">\n<li>La barra luminosa fornita con la tua TentBox pu\u00f2 essere inserita negli appositi ganci. Puoi quindi ruotarla per modificare l&#8217;angolo di illuminazione. <\/li>\n\n\n\n<li>Premi il pulsante all&#8217;estremit\u00e0 della barra per scorrere tra le diverse modalit\u00e0 di illuminazione e tieni premuto il pulsante per regolarne la luminosit\u00e0.<\/li>\n\n\n\n<li>La barra luminosa pu\u00f2 anche ricaricare il tuo telefono. Ricordati semplicemente di ricaricarla completamente prima di partire per il TentBoxing. <\/li>\n\n\n\n<li>\u00c8 anche magnetica, in modo da poter illuminare tutta la tua installazione fissandola al tuo veicolo.<\/li>\n<\/ul>\n\n<h3 class=\"wp-block-heading\">Evitare la condensa<\/h3>\n\n<ul class=\"wp-block-list\">\n<li>Come in tutti gli spazi chiusi, pu\u00f2 esserci condensa.<\/li>\n\n\n\n<li>Questo pu\u00f2 variare in base al numero di persone presenti nella TentBox, alla temperatura esterna e al tasso di umidit\u00e0 ambientale.<\/li>\n\n\n\n<li>Una buona ventilazione \u00e8 il modo migliore per evitare la condensa.<\/li>\n\n\n\n<li>La Cargo dispone gi\u00e0 di un sistema di aerazione nel suo tessuto e nella sua base. Per aerare ulteriormente, puoi anche socchiudere le finestre laterali. <\/li>\n<\/ul>\n\n<h3 class=\"wp-block-heading\">Chiusura della TentBox Cargo 2.0<\/h3>\n\n<p>Quando chiudi la tua TentBox, cerca di eliminare ogni traccia d&#8217;acqua presente sulla tela. Per farlo, batti sulla tela per far defluire l&#8217;acqua e lascia le finestre aperte per 5-10 minuti prima di richiudere la tua TentBox. <\/p>\n\n<p>Se piove e devi partire, puoi richiuderla, anche se bagnata. Assicurati semplicemente di riaprirla entro 24 ore, per evitare qualsiasi formazione di muffa. <\/p>\n\n<p>Assicurati che la tela sia completamente asciutta prima di richiudere la tua tenda per pi\u00f9 di 24 ore.<\/p>\n\n<ul class=\"wp-block-list\">\n<li>Per facilitare la chiusura e permettere all&#8217;aria di fuoriuscire, apri leggermente le due finestre a ogni estremit\u00e0.<\/li>\n\n\n\n<li>Rimetti l&#8217;elastico al suo posto per tenere ferma la tela.<\/li>\n\n\n\n<li>Ripiega la scala e riponila all&#8217;interno della tua TentBox o nel bagagliaio della tua auto.<\/li>\n\n\n\n<li>Chiudi la TentBox tirando la maniglia di chiusura.<\/li>\n\n\n\n<li>Fai il giro della tua TentBox per assicurarti che tutta la tela sia ben all&#8217;interno della scocca.<\/li>\n\n\n\n<li>Una volta fatto, puoi chiudere completamente le chiusure a leva su ogni lato.<\/li>\n<\/ul>\n\n<h2 class=\"wp-block-heading\">Conservazione e manutenzione<\/h2>\n\n<p>Ti consigliamo di lasciare la tua TentBox montata tutto l&#8217;anno sul tuo veicolo, in modo da poter partire all&#8217;avventura ogni volta che lo desideri. Se preferisci smontarla, riponila di lato e assicurati semplicemente di posizionare qualcosa a terra per proteggere la scocca. <\/p>\n\n<p>Quando la richiudi per pi\u00f9 di 24 ore, assicurati che sia completamente asciutta. Ti consigliamo inoltre di pulirla una volta all&#8217;anno con acqua calda e poi di reimpermeabilizzarla con un impermeabilizzante per tende standard. <\/p>\n","protected":false},"excerpt":{"rendered":"<p>Guida all&#8217;installazione della TentBox Cargo 2.0 Riepilogo Come configurare, installare e utilizzare la tua TentBox Cargo 2.0. Prima di poter montare la tua TentBox Cargo sul tuo veicolo, devi prima fissarvi alcuni elementi. Questi devono essere installati sul binario per &hellip; <a href=\"https:\/\/www.blog.campedia.fr\/it\/cargo-2-0\/\">Continua a leggere<span class=\"meta-nav\">&rarr;<\/span><\/a><\/p>\n","protected":false},"author":1,"featured_media":0,"parent":0,"menu_order":0,"comment_status":"closed","ping_status":"closed","template":"","meta":{"footnotes":""},"class_list":["post-106","page","type-page","status-publish","hentry"],"_links":{"self":[{"href":"https:\/\/www.blog.campedia.fr\/it\/wp-json\/wp\/v2\/pages\/106","targetHints":{"allow":["GET"]}}],"collection":[{"href":"https:\/\/www.blog.campedia.fr\/it\/wp-json\/wp\/v2\/pages"}],"about":[{"href":"https:\/\/www.blog.campedia.fr\/it\/wp-json\/wp\/v2\/types\/page"}],"author":[{"embeddable":true,"href":"https:\/\/www.blog.campedia.fr\/it\/wp-json\/wp\/v2\/users\/1"}],"replies":[{"embeddable":true,"href":"https:\/\/www.blog.campedia.fr\/it\/wp-json\/wp\/v2\/comments?post=106"}],"version-history":[{"count":4,"href":"https:\/\/www.blog.campedia.fr\/it\/wp-json\/wp\/v2\/pages\/106\/revisions"}],"predecessor-version":[{"id":463,"href":"https:\/\/www.blog.campedia.fr\/it\/wp-json\/wp\/v2\/pages\/106\/revisions\/463"}],"wp:attachment":[{"href":"https:\/\/www.blog.campedia.fr\/it\/wp-json\/wp\/v2\/media?parent=106"}],"curies":[{"name":"wp","href":"https:\/\/api.w.org\/{rel}","templated":true}]}}